{"id":750,"date":"2023-07-10T14:34:45","date_gmt":"2023-07-10T14:34:45","guid":{"rendered":"https:\/\/atsi.es\/weber\/"},"modified":"2025-04-30T10:50:44","modified_gmt":"2025-04-30T10:50:44","slug":"weber","status":"publish","type":"page","link":"https:\/\/atsi.es\/pt-pt\/weber\/","title":{"rendered":"Weber"},"content":{"rendered":"\n\n\t<section class=\"section dark\" id=\"section_1406414027\">\n\t\t<div class=\"section-bg fill\" >\n\t\t\t<img loading=\"lazy\" decoding=\"async\" width=\"1181\" height=\"787\" src=\"https:\/\/atsi.es\/wp-content\/uploads\/2023\/01\/atornillador-weber.jpg\" class=\"bg attachment-original size-original\" alt=\"\" \/>\t\t\t\t\t\t<div class=\"section-bg-overlay absolute fill\"><\/div>\n\t\t\t\n\n\t\t<\/div>\n\n\t\t\n\n\t\t<div class=\"section-content relative\">\n\t\t\t\n\n<div class=\"row align-right\"  id=\"row-1901956469\">\n\n\n\t<div id=\"col-76109222\" class=\"col medium-9 small-12 large-9\"  >\n\t\t\t\t<div class=\"col-inner text-right\"  >\n\t\t\t\n\t\t\t\n\n\t<div class=\"img has-hover x md-x lg-x y md-y lg-y\" id=\"image_1373922136\">\n\t\t\t\t\t\t\t\t<div class=\"img-inner dark\" >\n\t\t\t<img loading=\"lazy\" decoding=\"async\" width=\"301\" height=\"161\" src=\"https:\/\/atsi.es\/wp-content\/uploads\/2023\/01\/weber-schraubautomaten-2.png\" class=\"attachment-original size-original\" alt=\"\" \/>\t\t\t\t\t\t\n\t\t\t\t\t<\/div>\n\t\t\t\t\t\t\t\t\n<style>\n#image_1373922136 {\n  width: 30%;\n}\n<\/style>\n\t<\/div>\n\t\n\n\t<div id=\"text-2336771029\" class=\"text\">\n\t\t\n\n<h1><span style=\"font-size: 140%;\">Aparafusamento com alimenta\u00e7\u00e3o autom\u00e1tica<\/span><\/h1>\n<p>A tecnologia de aparafusamento estacion\u00e1rio \u00e9 usada quando os processos de jun\u00e7\u00e3o se tornam mais complexos, a frequ\u00eancia do ciclo se torna mais curta e as demandas de qualidade aumentam.<\/p>\n\t\t\n<style>\n#text-2336771029 {\n  text-align: right;\n}\n<\/style>\n\t<\/div>\n\t\n\n\t\t<\/div>\n\t\t\t\t\t<\/div>\n\n\t\n\n<\/div>\n\n\t\t<\/div>\n\n\t\t\n<style>\n#section_1406414027 {\n  padding-top: 30px;\n  padding-bottom: 30px;\n  min-height: 290px;\n}\n#section_1406414027 .section-bg-overlay {\n  background-color: rgba(0, 0, 0, 0.5);\n}\n#section_1406414027 .section-bg img {\n  object-position: 59% 90%;\n}\n@media (min-width:550px) {\n  #section_1406414027 {\n    min-height: 350px;\n  }\n}\n<\/style>\n\t<\/section>\n\t\n\n\t<section class=\"section\" id=\"section_849700769\">\n\t\t<div class=\"section-bg fill\" >\n\t\t\t\t\t\t\t\t\t\n\t\t\t\n\n\t\t<\/div>\n\n\t\t\n\n\t\t<div class=\"section-content relative\">\n\t\t\t\n\n\t<div id=\"gap-1043687644\" class=\"gap-element clearfix\" style=\"display:block; height:auto;\">\n\t\t\n<style>\n#gap-1043687644 {\n  padding-top: 30px;\n}\n<\/style>\n\t<\/div>\n\t\n\n<div class=\"row align-equal\"  id=\"row-1717723573\">\n\n\n\t<div id=\"col-62113563\" class=\"col medium-4 small-12 large-4\"  >\n\t\t\t\t<div class=\"col-inner\"  >\n\t\t\t\n\t\t\t\n\n\t<div class=\"box has-hover   has-hover box-shadow-2 box-text-bottom\" >\n\n\t\t<div class=\"box-image\" >\n\t\t\t<a href=\"https:\/\/www.weber-online.com\/es\/atornilladores-estacionarios\/\" >\t\t\t<div class=\"image-zoom image-cover\" style=\"padding-top:100%;\">\n\t\t\t\t<img loading=\"lazy\" decoding=\"async\" width=\"894\" height=\"894\" src=\"https:\/\/atsi.es\/wp-content\/uploads\/2023\/07\/atornilladores-estacionarios-weber-atsi-1.png\" class=\"attachment-original size-original\" alt=\"\" srcset=\"https:\/\/atsi.es\/wp-content\/uploads\/2023\/07\/atornilladores-estacionarios-weber-atsi-1.png 894w, https:\/\/atsi.es\/wp-content\/uploads\/2023\/07\/atornilladores-estacionarios-weber-atsi-1-300x300.png 300w, https:\/\/atsi.es\/wp-content\/uploads\/2023\/07\/atornilladores-estacionarios-weber-atsi-1-150x150.png 150w, https:\/\/atsi.es\/wp-content\/uploads\/2023\/07\/atornilladores-estacionarios-weber-atsi-1-768x768.png 768w\" sizes=\"auto, (max-width: 894px) 100vw, 894px\" \/>\t\t\t\t\t\t\t\t\t\t\t<\/div>\n\t\t\t<\/a>\t\t<\/div>\n\n\t\t<div class=\"box-text text-center\" style=\"background-color:rgb(255, 255, 255);padding:30px 30px 30px 30px;\">\n\t\t\t<div class=\"box-text-inner\">\n\t\t\t\t\n\n\t<div id=\"text-4284457741\" class=\"text\">\n\t\t\n\n<h3>Aparafusadoras estacion\u00e1rias<\/h3>\n\t\t\n<style>\n#text-4284457741 {\n  font-size: 1rem;\n  line-height: 1.2;\n}\n<\/style>\n\t<\/div>\n\t\n<a href=\"https:\/\/www.weber-online.com\/es\/atornilladores-estacionarios\/\" class=\"button success is-small\" style=\"padding:5px 30px 5px 30px;\">\n\t\t<span>gamas<\/span>\n\t<i class=\"icon-angle-right\" aria-hidden=\"true\"><\/i><\/a>\n\n\n\n\t\t\t<\/div>\n\t\t<\/div>\n\t<\/div>\n\t\n\n\t\t<\/div>\n\t\t\t\t\t<\/div>\n\n\t\n\n\t<div id=\"col-1220110583\" class=\"col medium-4 small-12 large-4\"  >\n\t\t\t\t<div class=\"col-inner\"  >\n\t\t\t\n\t\t\t\n\n\t<div class=\"box has-hover   has-hover box-shadow-2 box-text-bottom\" >\n\n\t\t<div class=\"box-image\" >\n\t\t\t<a href=\"https:\/\/www.weber-online.com\/es\/atornilladores-manuales\/\" >\t\t\t<div class=\"image-zoom image-cover\" style=\"padding-top:100%;\">\n\t\t\t\t<img loading=\"lazy\" decoding=\"async\" width=\"1030\" height=\"1027\" src=\"https:\/\/atsi.es\/wp-content\/uploads\/2023\/07\/atornilladores-manuales-weber-atsi-1.png\" class=\"attachment- size-\" alt=\"\" srcset=\"https:\/\/atsi.es\/wp-content\/uploads\/2023\/07\/atornilladores-manuales-weber-atsi-1.png 1030w, https:\/\/atsi.es\/wp-content\/uploads\/2023\/07\/atornilladores-manuales-weber-atsi-1-300x300.png 300w, https:\/\/atsi.es\/wp-content\/uploads\/2023\/07\/atornilladores-manuales-weber-atsi-1-1024x1021.png 1024w, https:\/\/atsi.es\/wp-content\/uploads\/2023\/07\/atornilladores-manuales-weber-atsi-1-150x150.png 150w, https:\/\/atsi.es\/wp-content\/uploads\/2023\/07\/atornilladores-manuales-weber-atsi-1-768x766.png 768w\" sizes=\"auto, (max-width: 1030px) 100vw, 1030px\" \/>\t\t\t\t\t\t\t\t\t\t\t<\/div>\n\t\t\t<\/a>\t\t<\/div>\n\n\t\t<div class=\"box-text text-center\" style=\"background-color:rgb(255, 255, 255);padding:30px 30px 30px 30px;\">\n\t\t\t<div class=\"box-text-inner\">\n\t\t\t\t\n\n\t<div id=\"text-731682132\" class=\"text\">\n\t\t\n\n<h3>Aparafusadoras manuales<\/h3>\n\t\t\n<style>\n#text-731682132 {\n  font-size: 1rem;\n}\n<\/style>\n\t<\/div>\n\t\n<a href=\"https:\/\/www.weber-online.com\/es\/atornilladores-manuales\/\" class=\"button success is-small\" style=\"padding:5px 30px 5px 30px;\">\n\t\t<span>gamas<\/span>\n\t<i class=\"icon-angle-right\" aria-hidden=\"true\"><\/i><\/a>\n\n\n\n\t\t\t<\/div>\n\t\t<\/div>\n\t<\/div>\n\t\n\n\t\t<\/div>\n\t\t\t\t\t<\/div>\n\n\t\n\n\t<div id=\"col-1412716823\" class=\"col medium-4 small-12 large-4\"  >\n\t\t\t\t<div class=\"col-inner\"  >\n\t\t\t\n\t\t\t\n\n\t<div class=\"box has-hover   has-hover box-shadow-2 box-text-bottom\" >\n\n\t\t<div class=\"box-image\" >\n\t\t\t<a href=\"https:\/\/www.weber-online.com\/es\/tecnologia-de-alimentacion\/\" >\t\t\t<div class=\"image-zoom image-cover\" style=\"padding-top:100%;\">\n\t\t\t\t<img loading=\"lazy\" decoding=\"async\" width=\"976\" height=\"976\" src=\"https:\/\/atsi.es\/wp-content\/uploads\/2023\/07\/alimentacion-weber-atsi.png\" class=\"attachment- size-\" alt=\"\" srcset=\"https:\/\/atsi.es\/wp-content\/uploads\/2023\/07\/alimentacion-weber-atsi.png 976w, https:\/\/atsi.es\/wp-content\/uploads\/2023\/07\/alimentacion-weber-atsi-300x300.png 300w, https:\/\/atsi.es\/wp-content\/uploads\/2023\/07\/alimentacion-weber-atsi-150x150.png 150w, https:\/\/atsi.es\/wp-content\/uploads\/2023\/07\/alimentacion-weber-atsi-768x768.png 768w\" sizes=\"auto, (max-width: 976px) 100vw, 976px\" \/>\t\t\t\t\t\t\t\t\t\t\t<\/div>\n\t\t\t<\/a>\t\t<\/div>\n\n\t\t<div class=\"box-text text-center\" style=\"background-color:rgb(255, 255, 255);padding:30px 30px 30px 30px;\">\n\t\t\t<div class=\"box-text-inner\">\n\t\t\t\t\n\n\t<div id=\"text-1421766927\" class=\"text\">\n\t\t\n\n<h3>Alimenta\u00e7\u00e3o<\/h3>\n\t\t\n<style>\n#text-1421766927 {\n  font-size: 1rem;\n}\n<\/style>\n\t<\/div>\n\t\n<a href=\"https:\/\/www.weber-online.com\/es\/tecnologia-de-alimentacion\/\" class=\"button success is-small\" style=\"padding:5px 30px 5px 30px;\">\n\t\t<span>gamas<\/span>\n\t<i class=\"icon-angle-right\" aria-hidden=\"true\"><\/i><\/a>\n\n\n\n\t\t\t<\/div>\n\t\t<\/div>\n\t<\/div>\n\t\n\n\t\t<\/div>\n\t\t\t\t\t<\/div>\n\n\t\n\n\t<div id=\"col-1462057427\" class=\"col medium-4 small-12 large-4\"  >\n\t\t\t\t<div class=\"col-inner\"  >\n\t\t\t\n\t\t\t\n\n\t<div class=\"box has-hover   has-hover box-shadow-2 box-text-bottom\" >\n\n\t\t<div class=\"box-image\" >\n\t\t\t<a href=\"https:\/\/www.weber-online.com\/es\/tecnologia-de-insercion-e-introduccion-por-presion\/\" >\t\t\t<div class=\"image-zoom image-cover\" style=\"padding-top:100%;\">\n\t\t\t\t<img loading=\"lazy\" decoding=\"async\" width=\"894\" height=\"894\" src=\"https:\/\/atsi.es\/wp-content\/uploads\/2023\/07\/insercion-weber-atsi.png\" class=\"attachment- size-\" alt=\"\" srcset=\"https:\/\/atsi.es\/wp-content\/uploads\/2023\/07\/insercion-weber-atsi.png 894w, https:\/\/atsi.es\/wp-content\/uploads\/2023\/07\/insercion-weber-atsi-300x300.png 300w, https:\/\/atsi.es\/wp-content\/uploads\/2023\/07\/insercion-weber-atsi-150x150.png 150w, https:\/\/atsi.es\/wp-content\/uploads\/2023\/07\/insercion-weber-atsi-768x768.png 768w\" sizes=\"auto, (max-width: 894px) 100vw, 894px\" \/>\t\t\t\t\t\t\t\t\t\t\t<\/div>\n\t\t\t<\/a>\t\t<\/div>\n\n\t\t<div class=\"box-text text-center\" style=\"background-color:rgb(255, 255, 255);padding:30px 30px 30px 30px;\">\n\t\t\t<div class=\"box-text-inner\">\n\t\t\t\t\n\n\t<div id=\"text-2298685976\" class=\"text\">\n\t\t\n\n<h3>Inser\u00e7\u00e3o<\/h3>\n\t\t\n<style>\n#text-2298685976 {\n  font-size: 1rem;\n}\n<\/style>\n\t<\/div>\n\t\n<a href=\"https:\/\/www.weber-online.com\/es\/tecnologia-de-insercion-e-introduccion-por-presion\/\" class=\"button success is-small\" style=\"padding:5px 30px 5px 30px;\">\n\t\t<span>gamas<\/span>\n\t<i class=\"icon-angle-right\" aria-hidden=\"true\"><\/i><\/a>\n\n\n\n\t\t\t<\/div>\n\t\t<\/div>\n\t<\/div>\n\t\n\n\t\t<\/div>\n\t\t\t\t\t<\/div>\n\n\t\n\n\t<div id=\"col-105381654\" class=\"col medium-4 small-12 large-4\"  >\n\t\t\t\t<div class=\"col-inner\"  >\n\t\t\t\n\t\t\t\n\n\t<div class=\"box has-hover   has-hover box-shadow-2 box-text-bottom\" >\n\n\t\t<div class=\"box-image\" >\n\t\t\t<a href=\"https:\/\/www.weber-online.com\/es\/tecnologia-de-control\/\" >\t\t\t<div class=\"image-zoom image-cover\" style=\"padding-top:100%;\">\n\t\t\t\t<img loading=\"lazy\" decoding=\"async\" width=\"894\" height=\"894\" src=\"https:\/\/atsi.es\/wp-content\/uploads\/2023\/07\/control-weber-atsi-1.png\" class=\"attachment- size-\" alt=\"\" srcset=\"https:\/\/atsi.es\/wp-content\/uploads\/2023\/07\/control-weber-atsi-1.png 894w, https:\/\/atsi.es\/wp-content\/uploads\/2023\/07\/control-weber-atsi-1-300x300.png 300w, https:\/\/atsi.es\/wp-content\/uploads\/2023\/07\/control-weber-atsi-1-150x150.png 150w, https:\/\/atsi.es\/wp-content\/uploads\/2023\/07\/control-weber-atsi-1-768x768.png 768w\" sizes=\"auto, (max-width: 894px) 100vw, 894px\" \/>\t\t\t\t\t\t\t\t\t\t\t<\/div>\n\t\t\t<\/a>\t\t<\/div>\n\n\t\t<div class=\"box-text text-center\" style=\"background-color:rgb(255, 255, 255);padding:30px 30px 30px 30px;\">\n\t\t\t<div class=\"box-text-inner\">\n\t\t\t\t\n\n\t<div id=\"text-6799883\" class=\"text\">\n\t\t\n\n<h3>Controles<\/h3>\n\t\t\n<style>\n#text-6799883 {\n  font-size: 1rem;\n}\n<\/style>\n\t<\/div>\n\t\n<a href=\"https:\/\/www.weber-online.com\/es\/tecnologia-de-control\/\" class=\"button success is-small\" style=\"padding:5px 30px 5px 30px;\">\n\t\t<span>gamas<\/span>\n\t<i class=\"icon-angle-right\" aria-hidden=\"true\"><\/i><\/a>\n\n\n\n\t\t\t<\/div>\n\t\t<\/div>\n\t<\/div>\n\t\n\n\t\t<\/div>\n\t\t\t\t\t<\/div>\n\n\t\n\n\t<div id=\"col-2145582136\" class=\"col medium-4 small-12 large-4\"  >\n\t\t\t\t<div class=\"col-inner\"  >\n\t\t\t\n\t\t\t\n\n\t<div class=\"box has-hover   has-hover box-shadow-2 box-text-bottom\" >\n\n\t\t<div class=\"box-image\" >\n\t\t\t<a href=\"https:\/\/www.weber-online.com\/es\/soluciones-de-sistema\/\" >\t\t\t<div class=\"image-zoom image-cover\" style=\"padding-top:100%;\">\n\t\t\t\t<img loading=\"lazy\" decoding=\"async\" width=\"677\" height=\"819\" src=\"https:\/\/atsi.es\/wp-content\/uploads\/2025\/04\/soluciones-especiales-weber-2.jpg\" class=\"attachment- size-\" alt=\"\" srcset=\"https:\/\/atsi.es\/wp-content\/uploads\/2025\/04\/soluciones-especiales-weber-2.jpg 677w, https:\/\/atsi.es\/wp-content\/uploads\/2025\/04\/soluciones-especiales-weber-2-248x300.jpg 248w\" sizes=\"auto, (max-width: 677px) 100vw, 677px\" \/>\t\t\t\t\t\t\t\t\t\t\t<\/div>\n\t\t\t<\/a>\t\t<\/div>\n\n\t\t<div class=\"box-text text-center\" style=\"background-color:rgb(255, 255, 255);padding:30px 30px 30px 30px;\">\n\t\t\t<div class=\"box-text-inner\">\n\t\t\t\t\n\n\t<div id=\"text-1179406402\" class=\"text\">\n\t\t\n\n<h3>Solu\u00e7\u00f5es especiais<\/h3>\n\t\t\n<style>\n#text-1179406402 {\n  font-size: 1rem;\n}\n<\/style>\n\t<\/div>\n\t\n<a href=\"https:\/\/www.weber-online.com\/es\/soluciones-de-sistema\/\" class=\"button success is-small\" style=\"padding:5px 30px 5px 30px;\">\n\t\t<span>gamas<\/span>\n\t<i class=\"icon-angle-right\" aria-hidden=\"true\"><\/i><\/a>\n\n\n\n\t\t\t<\/div>\n\t\t<\/div>\n\t<\/div>\n\t\n\n\t\t<\/div>\n\t\t\t\t\t<\/div>\n\n\t\n\n<\/div>\n\n\t\t<\/div>\n\n\t\t\n<style>\n#section_849700769 {\n  padding-top: 40px;\n  padding-bottom: 40px;\n  background-color: rgb(245, 245, 245);\n}\n@media (min-width:850px) {\n  #section_849700769 {\n    padding-top: 70px;\n    padding-bottom: 70px;\n  }\n}\n<\/style>\n\t<\/section>\n\t\n\n\t<section class=\"section dark\" id=\"section_1406994740\">\n\t\t<div class=\"section-bg fill\" >\n\t\t\t\t\t\t\t\t\t\n\t\t\t\n\n\t\t<\/div>\n\n\t\t\n\n\t\t<div class=\"section-content relative\">\n\t\t\t\r\n\r\n<div class=\"row\"  id=\"row-1507159830\">\r\n\r\n\n\t<div id=\"col-1803357831\" class=\"col small-12 large-12\"  >\n\t\t\t\t<div class=\"col-inner text-center\"  >\n\t\t\t\n\t\t\t\r\n\r\n\t<div id=\"gap-1196089988\" class=\"gap-element clearfix\" style=\"display:block; height:auto;\">\n\t\t\n<style>\n#gap-1196089988 {\n  padding-top: 35px;\n}\n<\/style>\n\t<\/div>\n\t\r\n\r\n<div class=\"text-center\"><div class=\"is-divider divider clearfix\" style=\"max-width:100px;height:4px;background-color:rgb(255, 255, 255);\"><\/div><\/div>\r\n\r\n\t<div id=\"text-2889343997\" class=\"text\">\n\t\t\r\n<h2 class=\"uppercase\">Envie-nos sua consulta<\/h2>\r\n\t\t\n<style>\n#text-2889343997 {\n  font-size: 1.5rem;\n  text-align: center;\n}\n<\/style>\n\t<\/div>\n\t\r\n<a href=\"\/pt-pt\/contato\/\" class=\"button white\" style=\"padding:5px 30px 5px 30px;\">\n\t\t<span>CONTATE-NOS<\/span>\n\t<\/a>\n\r\n\r\n\t\t<\/div>\n\t\t\t\t\t<\/div>\n\n\t\r\n\r\n<\/div>\r\n\r\n\t\t<\/div>\n\n\t\t\n<style>\n#section_1406994740 {\n  padding-top: 30px;\n  padding-bottom: 30px;\n  background-color: rgb(0,0,0);\n}\n<\/style>\n\t<\/section>\n\t\n\n\n","protected":false},"excerpt":{"rendered":"","protected":false},"author":1,"featured_media":0,"parent":0,"menu_order":0,"comment_status":"closed","ping_status":"closed","template":"page-blank.php","meta":{"footnotes":""},"class_list":["post-750","page","type-page","status-publish","hentry"],"_links":{"self":[{"href":"https:\/\/atsi.es\/pt-pt\/wp-json\/wp\/v2\/pages\/750","targetHints":{"allow":["GET"]}}],"collection":[{"href":"https:\/\/atsi.es\/pt-pt\/wp-json\/wp\/v2\/pages"}],"about":[{"href":"https:\/\/atsi.es\/pt-pt\/wp-json\/wp\/v2\/types\/page"}],"author":[{"embeddable":true,"href":"https:\/\/atsi.es\/pt-pt\/wp-json\/wp\/v2\/users\/1"}],"replies":[{"embeddable":true,"href":"https:\/\/atsi.es\/pt-pt\/wp-json\/wp\/v2\/comments?post=750"}],"version-history":[{"count":5,"href":"https:\/\/atsi.es\/pt-pt\/wp-json\/wp\/v2\/pages\/750\/revisions"}],"predecessor-version":[{"id":861,"href":"https:\/\/atsi.es\/pt-pt\/wp-json\/wp\/v2\/pages\/750\/revisions\/861"}],"wp:attachment":[{"href":"https:\/\/atsi.es\/pt-pt\/wp-json\/wp\/v2\/media?parent=750"}],"curies":[{"name":"wp","href":"https:\/\/api.w.org\/{rel}","templated":true}]}}