{"id":735,"date":"2023-07-12T08:38:35","date_gmt":"2023-07-12T08:38:35","guid":{"rendered":"https:\/\/atsi.es\/faqs\/"},"modified":"2023-07-31T23:00:19","modified_gmt":"2023-07-31T23:00:19","slug":"faqs","status":"publish","type":"page","link":"https:\/\/atsi.es\/pt-pt\/faqs\/","title":{"rendered":"FAQ&#8217;s"},"content":{"rendered":"\n\n\t<section class=\"section dark\" id=\"section_606300353\">\n\t\t<div class=\"section-bg fill\" >\n\t\t\t<img loading=\"lazy\" decoding=\"async\" width=\"1181\" height=\"787\" src=\"https:\/\/atsi.es\/wp-content\/uploads\/2023\/01\/atornillador-weber.jpg\" class=\"bg attachment-original size-original\" alt=\"\" \/>\t\t\t\t\t\t<div class=\"section-bg-overlay absolute fill\"><\/div>\n\t\t\t\n\n\t\t<\/div>\n\n\t\t\n\n\t\t<div class=\"section-content relative\">\n\t\t\t\n\n<div class=\"row align-right\"  id=\"row-1283516848\">\n\n\n\t<div id=\"col-822074499\" class=\"col medium-9 small-12 large-9\"  >\n\t\t\t\t<div class=\"col-inner text-right\"  >\n\t\t\t\n\t\t\t\n\n\t<div id=\"text-3670134629\" class=\"text\">\n\t\t\n\n<h1><span style=\"font-size: 140%;\">FAQ&#8217;s<\/span><\/h1>\n<p>Perguntas frequentes sobre nossos produtos.<\/p>\n\t\t\n<style>\n#text-3670134629 {\n  font-size: 1.3rem;\n  text-align: right;\n}\n<\/style>\n\t<\/div>\n\t\n\n\t\t<\/div>\n\t\t\t\t\n<style>\n#col-822074499 > .col-inner {\n  padding: 40px 0px 0px 0px;\n}\n<\/style>\n\t<\/div>\n\n\t\n\n<\/div>\n\n\t\t<\/div>\n\n\t\t\n<style>\n#section_606300353 {\n  padding-top: 30px;\n  padding-bottom: 30px;\n  min-height: 290px;\n}\n#section_606300353 .section-bg-overlay {\n  background-color: rgba(0, 0, 0, 0.5);\n}\n#section_606300353 .section-bg img {\n  object-position: 59% 90%;\n}\n@media (min-width:550px) {\n  #section_606300353 {\n    min-height: 300px;\n  }\n}\n<\/style>\n\t<\/section>\n\t\n\n\t<section class=\"section\" id=\"section_463047940\">\n\t\t<div class=\"section-bg fill\" >\n\t\t\t\t\t\t\t\t\t\n\t\t\t\n\n\t\t<\/div>\n\n\t\t\n\n\t\t<div class=\"section-content relative\">\n\t\t\t\n\n<div class=\"row align-center\"  id=\"row-748066298\">\n\n\n\t<div id=\"col-1323172638\" class=\"col medium-10 small-12 large-9\"  >\n\t\t\t\t<div class=\"col-inner\"  >\n\t\t\t\n\t\t\t\n\n\n\t\t<div class=\"tabbed-content\">\n\t\t\t\n\t\t\t<ul class=\"nav nav-line nav-uppercase nav-size-xlarge nav-center\" role=\"tablist\"><li id=\"tab-aparafusado\" class=\"tab active has-icon\" role=\"presentation\"><a href=\"#tab_aparafusado\" role=\"tab\" aria-selected=\"true\" aria-controls=\"tab_aparafusado\"><span>aparafusado<\/span><\/a><\/li>\n<li id=\"tab-alimenta\u00c7\u00c3o\" class=\"tab has-icon\" role=\"presentation\"><a href=\"#tab_alimenta\u00c7\u00c3o\" tabindex=\"-1\" role=\"tab\" aria-selected=\"false\" aria-controls=\"tab_alimenta\u00c7\u00c3o\"><span>ALIMENTA\u00c7\u00c3O<\/span><\/a><\/li>\n<li id=\"tab-inser\u00e7\u00e3o\" class=\"tab has-icon\" role=\"presentation\"><a href=\"#tab_inser\u00e7\u00e3o\" tabindex=\"-1\" role=\"tab\" aria-selected=\"false\" aria-controls=\"tab_inser\u00e7\u00e3o\"><span>Inser\u00e7\u00e3o<\/span><\/a><\/li>\n<li id=\"tab-servi\u00c7o-p\u00d3s-venda\" class=\"tab has-icon\" role=\"presentation\"><a href=\"#tab_servi\u00c7o-p\u00d3s-venda\" tabindex=\"-1\" role=\"tab\" aria-selected=\"false\" aria-controls=\"tab_servi\u00c7o-p\u00d3s-venda\"><span>SERVI\u00c7O P\u00d3S-VENDA<\/span><\/a><\/li><\/ul><div class=\"tab-panels\"><div id=\"tab_aparafusado\" class=\"panel active entry-content\" role=\"tabpanel\" aria-labelledby=\"tab-aparafusado\">\n\n<div class=\"accordion\">\n\n\t<div id=\"accordion-1770601593\" class=\"accordion-item\">\n\t\t<a id=\"accordion-1770601593-label\" class=\"accordion-title plain\" href=\"#accordion-item-o-que-\u00e9-uma-aparafusadora-estacion\u00e1ria?\" aria-expanded=\"false\" aria-controls=\"accordion-1770601593-content\">\n\t\t\t<button class=\"toggle\" aria-label=\"Toggle\"><i class=\"icon-angle-down\" aria-hidden=\"true\"><\/i><\/button>\n\t\t\t<span>O que \u00e9 uma aparafusadora estacion\u00e1ria?<\/span>\n\t\t<\/a>\n\t\t<div id=\"accordion-1770601593-content\" class=\"accordion-inner\" aria-labelledby=\"accordion-1770601593-label\">\n\t\t\t\n\n<p>Uma aparafusadora estacion\u00e1ria WEBER \u00e9 uma unidade de chave de fenda ou chave de fenda que n\u00e3o \u00e9 guiada manualmente, mas \u00e9 montada em um rob\u00f4, sistema de eixo ou dispositivo estacion\u00e1rio. Em combina\u00e7\u00e3o com um sistema de alimenta\u00e7\u00e3o, diferentes elementos de fixa\u00e7\u00e3o s\u00e3o aparafusados \u200b\u200bem um curto tempo de ciclo..<\/p>\n\n\t\t<\/div>\n\t<\/div>\n\t\n\t<div id=\"accordion-574673078\" class=\"accordion-item\">\n\t\t<a id=\"accordion-574673078-label\" class=\"accordion-title plain\" href=\"#accordion-item-quando-a-tecnologia-de-aparafusadora-estacion\u00e1ria-\u00e9-usada?\" aria-expanded=\"false\" aria-controls=\"accordion-574673078-content\">\n\t\t\t<button class=\"toggle\" aria-label=\"Toggle\"><i class=\"icon-angle-down\" aria-hidden=\"true\"><\/i><\/button>\n\t\t\t<span>Quando a tecnologia de aparafusadora estacion\u00e1ria \u00e9 usada?<\/span>\n\t\t<\/a>\n\t\t<div id=\"accordion-574673078-content\" class=\"accordion-inner\" aria-labelledby=\"accordion-574673078-label\">\n\t\t\t\n\n<p>A tecnologia de aparafusamento estacion\u00e1rio WEBER \u00e9 usada para processos de jun\u00e7\u00e3o complexos com tempos de ciclo curtos e requisitos de alta qualidade. Uma unidade de aparafusamento ou chave de fenda totalmente autom\u00e1tica \u00e9 lucrativa a partir de 60.000 juntas aparafusadas por ano. Os requisitos de alta qualidade de uma conex\u00e3o aparafusada podem ser atendidos de forma reproduz\u00edvel por meio da automa\u00e7\u00e3o. Voc\u00ea encontrar\u00e1 os v\u00e1rios campos de aplica\u00e7\u00e3o na se\u00e7\u00e3o &#8220;Aplica\u00e7\u00f5es&#8221; do site WEBER.<\/p>\n\n\t\t<\/div>\n\t<\/div>\n\t\n\t<div id=\"accordion-1974107193\" class=\"accordion-item\">\n\t\t<a id=\"accordion-1974107193-label\" class=\"accordion-title plain\" href=\"#accordion-item-como-funciona-um-sistema-de-alimenta\u00e7\u00e3o-autom\u00e1tica?\" aria-expanded=\"false\" aria-controls=\"accordion-1974107193-content\">\n\t\t\t<button class=\"toggle\" aria-label=\"Toggle\"><i class=\"icon-angle-down\" aria-hidden=\"true\"><\/i><\/button>\n\t\t\t<span>Como funciona um sistema de alimenta\u00e7\u00e3o autom\u00e1tica?<\/span>\n\t\t<\/a>\n\t\t<div id=\"accordion-1974107193-content\" class=\"accordion-inner\" aria-labelledby=\"accordion-1974107193-label\">\n\t\t\t\n\n<p>Em um sistema de aparafusamento que consiste em uma unidade de alimenta\u00e7\u00e3o e uma unidade de aparafusamento, os parafusos s\u00e3o enchidos a granel na unidade de alimenta\u00e7\u00e3o. Com a ajuda de v\u00e1rios dispositivos, os elementos de conex\u00e3o s\u00e3o posicionados corretamente e separados com um dispositivo de espalhamento chamado &#8220;espalhador&#8221;. Do separador, o ar \u00e9 usado para transportar o fixador para a unidade de aparafusamento por meio de um tubo de alimenta\u00e7\u00e3o. Dependendo da geometria do parafuso, a t\u00e9cnica apropriada \u00e9 usada para mover o parafuso na pin\u00e7a (pin\u00e7a de garra). A partir da\u00ed, o elemento de conex\u00e3o pode ser aparafusado no componente com a unidade de aparafusamento.<\/p>\n\n\t\t<\/div>\n\t<\/div>\n\t\n\t<div id=\"accordion-2708021828\" class=\"accordion-item\">\n\t\t<a id=\"accordion-2708021828-label\" class=\"accordion-title plain\" href=\"#accordion-item-quais-elementos-uma-esta\u00e7\u00e3o-de-parafusamento-pode-processar-ou-parafusar?\" aria-expanded=\"false\" aria-controls=\"accordion-2708021828-content\">\n\t\t\t<button class=\"toggle\" aria-label=\"Toggle\"><i class=\"icon-angle-down\" aria-hidden=\"true\"><\/i><\/button>\n\t\t\t<span>Quais elementos uma esta\u00e7\u00e3o de parafusamento pode processar ou parafusar?<\/span>\n\t\t<\/a>\n\t\t<div id=\"accordion-2708021828-content\" class=\"accordion-inner\" aria-labelledby=\"accordion-2708021828-label\">\n\t\t\t\n\n<p>Parafusos, porcas, porcas e muito mais.<\/p>\n\n\t\t<\/div>\n\t<\/div>\n\t\n\n<\/div>\n\n<\/div>\n<div id=\"tab_alimenta\u00c7\u00c3o\" class=\"panel entry-content\" role=\"tabpanel\" aria-labelledby=\"tab-alimenta\u00c7\u00c3o\">\n\n<div class=\"accordion\">\n\n\t<div id=\"accordion-2450246884\" class=\"accordion-item\">\n\t\t<a id=\"accordion-2450246884-label\" class=\"accordion-title plain\" href=\"#accordion-item-quais-s\u00e3o-as-vantagens-da-alimenta\u00e7\u00e3o-autom\u00e1tica?\" aria-expanded=\"false\" aria-controls=\"accordion-2450246884-content\">\n\t\t\t<button class=\"toggle\" aria-label=\"Toggle\"><i class=\"icon-angle-down\" aria-hidden=\"true\"><\/i><\/button>\n\t\t\t<span>Quais s\u00e3o as vantagens da alimenta\u00e7\u00e3o autom\u00e1tica?<\/span>\n\t\t<\/a>\n\t\t<div id=\"accordion-2450246884-content\" class=\"accordion-inner\" aria-labelledby=\"accordion-2450246884-label\">\n\t\t\t\n\n<p>A alimenta\u00e7\u00e3o autom\u00e1tica nos fixadores reduz o tempo necess\u00e1rio para recarregar em aplica\u00e7\u00f5es pick&amp;place, por exemplo.<\/p>\n\n\t\t<\/div>\n\t<\/div>\n\t\n\t<div id=\"accordion-3744299286\" class=\"accordion-item\">\n\t\t<a id=\"accordion-3744299286-label\" class=\"accordion-title plain\" href=\"#accordion-item-como-funciona-a-alimenta\u00e7\u00e3o-autom\u00e1tica?\" aria-expanded=\"false\" aria-controls=\"accordion-3744299286-content\">\n\t\t\t<button class=\"toggle\" aria-label=\"Toggle\"><i class=\"icon-angle-down\" aria-hidden=\"true\"><\/i><\/button>\n\t\t\t<span>Como funciona a alimenta\u00e7\u00e3o autom\u00e1tica?<\/span>\n\t\t<\/a>\n\t\t<div id=\"accordion-3744299286-content\" class=\"accordion-inner\" aria-labelledby=\"accordion-3744299286-label\">\n\t\t\t\n\n<p>Primeiramente, o material \u00e9 armazenado em um recept\u00e1culo, depois \u00e9 corretamente posicionado por meio de diversas t\u00e9cnicas e, por fim, \u00e9 separado e transportado at\u00e9 o destino final por meio de uma corrente de ar proveniente de um tubo.<\/p>\n\n\t\t<\/div>\n\t<\/div>\n\t\n\t<div id=\"accordion-1285868848\" class=\"accordion-item\">\n\t\t<a id=\"accordion-1285868848-label\" class=\"accordion-title plain\" href=\"#accordion-item-quais-itens-podem-ser-transportados-com-alimenta\u00e7\u00e3o-autom\u00e1tica?\" aria-expanded=\"false\" aria-controls=\"accordion-1285868848-content\">\n\t\t\t<button class=\"toggle\" aria-label=\"Toggle\"><i class=\"icon-angle-down\" aria-hidden=\"true\"><\/i><\/button>\n\t\t\t<span>Quais itens podem ser transportados com alimenta\u00e7\u00e3o autom\u00e1tica?<\/span>\n\t\t<\/a>\n\t\t<div id=\"accordion-1285868848-content\" class=\"accordion-inner\" aria-labelledby=\"accordion-1285868848-label\">\n\t\t\t\n\n<p>Parafusos, porcas, cavilhas, discos, buchas e muitas outras pe\u00e7as podem ser transportadas.<\/p>\n\n\t\t<\/div>\n\t<\/div>\n\t\n\t<div id=\"accordion-190055370\" class=\"accordion-item\">\n\t\t<a id=\"accordion-190055370-label\" class=\"accordion-title plain\" href=\"#accordion-item-um-\u00fanico-sistema-de-energia-pode-ser-usado-para-v\u00e1rias-aparafusadoras?\" aria-expanded=\"false\" aria-controls=\"accordion-190055370-content\">\n\t\t\t<button class=\"toggle\" aria-label=\"Toggle\"><i class=\"icon-angle-down\" aria-hidden=\"true\"><\/i><\/button>\n\t\t\t<span>Um \u00fanico sistema de energia pode ser usado para v\u00e1rias aparafusadoras?<\/span>\n\t\t<\/a>\n\t\t<div id=\"accordion-190055370-content\" class=\"accordion-inner\" aria-labelledby=\"accordion-190055370-label\">\n\t\t\t\n\n<p>Com uma chave \u00e9 poss\u00edvel alimentar v\u00e1rios sistemas de aparafusamento ou inser\u00e7\u00e3o com um \u00fanico avan\u00e7o autom\u00e1tico. O tempo de ciclo determinar\u00e1 o n\u00famero m\u00e1ximo de sistemas que podem ser alimentados.<\/p>\n\n\n\t\t<\/div>\n\t<\/div>\n\t\n\n<\/div>\n\n<\/div>\n<div id=\"tab_inser\u00e7\u00e3o\" class=\"panel entry-content\" role=\"tabpanel\" aria-labelledby=\"tab-inser\u00e7\u00e3o\">\n\n<div class=\"accordion\">\n\n\t<div id=\"accordion-3290081195\" class=\"accordion-item\">\n\t\t<a id=\"accordion-3290081195-label\" class=\"accordion-title plain\" href=\"#accordion-item-qual-\u00e9-a-diferen\u00e7a-entre-a-t\u00e9cnica-de-inser\u00e7\u00e3o-e-a-t\u00e9cnica-push-in?\" aria-expanded=\"false\" aria-controls=\"accordion-3290081195-content\">\n\t\t\t<button class=\"toggle\" aria-label=\"Toggle\"><i class=\"icon-angle-down\" aria-hidden=\"true\"><\/i><\/button>\n\t\t\t<span>Qual \u00e9 a diferen\u00e7a entre a t\u00e9cnica de inser\u00e7\u00e3o e a t\u00e9cnica push-in?<\/span>\n\t\t<\/a>\n\t\t<div id=\"accordion-3290081195-content\" class=\"accordion-inner\" aria-labelledby=\"accordion-3290081195-label\">\n\t\t\t\n\n<p>A inser\u00e7\u00e3o inclui m\u00e9todos de jun\u00e7\u00e3o usando gravidade, arrasto de forma ou for\u00e7a de mola. Por outro lado, na compress\u00e3o, as pe\u00e7as pressionadas juntas s\u00e3o deformadas elasticamente e o afrouxamento devido ao arrasto de for\u00e7a \u00e9 evitado.<\/p>\n\n\t\t<\/div>\n\t<\/div>\n\t\n\t<div id=\"accordion-3253557487\" class=\"accordion-item\">\n\t\t<a id=\"accordion-3253557487-label\" class=\"accordion-title plain\" href=\"#accordion-item-o-que-\u00e9-uma-unidade-de-inser\u00e7\u00e3o-autom\u00e1tica-ou-totalmente-autom\u00e1tica-ou-unidade-push-in?\" aria-expanded=\"false\" aria-controls=\"accordion-3253557487-content\">\n\t\t\t<button class=\"toggle\" aria-label=\"Toggle\"><i class=\"icon-angle-down\" aria-hidden=\"true\"><\/i><\/button>\n\t\t\t<span>O que \u00e9 uma unidade de inser\u00e7\u00e3o autom\u00e1tica ou totalmente autom\u00e1tica ou unidade push-in?<\/span>\n\t\t<\/a>\n\t\t<div id=\"accordion-3253557487-content\" class=\"accordion-inner\" aria-labelledby=\"accordion-3253557487-label\">\n\t\t\t\n\n<p>A unidade de inser\u00e7\u00e3o ou unidade push-in usa press\u00e3o para criar juntas dur\u00e1veis \u200b\u200bde ajuste de for\u00e7a ou de encaixe para pinos, parafusos ou clipes.<br \/>Em uma unidade de inser\u00e7\u00e3o automatizada ou totalmente autom\u00e1tica ou unidade de press\u00e3o, um tempo de ciclo muito curto \u00e9 alcan\u00e7ado pela alimenta\u00e7\u00e3o autom\u00e1tica dos elementos de conex\u00e3o.<\/p>\n\n\t\t<\/div>\n\t<\/div>\n\t\n\t<div id=\"accordion-1928567530\" class=\"accordion-item\">\n\t\t<a id=\"accordion-1928567530-label\" class=\"accordion-title plain\" href=\"#accordion-item-como-a-confiabilidade-do-processo-da-t\u00e9cnica-de-inser\u00e7\u00e3o-ou-da-t\u00e9cnica-push-in-pode-garantir-a-qualidade?\" aria-expanded=\"false\" aria-controls=\"accordion-1928567530-content\">\n\t\t\t<button class=\"toggle\" aria-label=\"Toggle\"><i class=\"icon-angle-down\" aria-hidden=\"true\"><\/i><\/button>\n\t\t\t<span>Como a confiabilidade do processo da t\u00e9cnica de inser\u00e7\u00e3o ou da t\u00e9cnica push-in pode garantir a qualidade?<\/span>\n\t\t<\/a>\n\t\t<div id=\"accordion-1928567530-content\" class=\"accordion-inner\" aria-labelledby=\"accordion-1928567530-label\">\n\t\t\t\n\n<p>A confiabilidade do processo do fuso de inser\u00e7\u00e3o em ambas as t\u00e9cnicas \u00e9 garantida por um extenso sistema de sensores. Por exemplo, o controle de for\u00e7a\/deslocamento \u00e9 um componente essencial do controle de qualidade.<\/p>\n\n\t\t<\/div>\n\t<\/div>\n\t\n\n<\/div>\n\n<\/div>\n<div id=\"tab_servi\u00c7o-p\u00d3s-venda\" class=\"panel entry-content\" role=\"tabpanel\" aria-labelledby=\"tab-servi\u00c7o-p\u00d3s-venda\">\n\n<div class=\"accordion\">\n\n\t<div id=\"accordion-897415661\" class=\"accordion-item\">\n\t\t<a id=\"accordion-897415661-label\" class=\"accordion-title plain\" href=\"#accordion-item-quem-devo-contatar-para-servi\u00e7o-t\u00e9cnico\/p\u00f3s-venda?\" aria-expanded=\"false\" aria-controls=\"accordion-897415661-content\">\n\t\t\t<button class=\"toggle\" aria-label=\"Toggle\"><i class=\"icon-angle-down\" aria-hidden=\"true\"><\/i><\/button>\n\t\t\t<span>Quem devo contatar para servi\u00e7o t\u00e9cnico\/p\u00f3s-venda?<\/span>\n\t\t<\/a>\n\t\t<div id=\"accordion-897415661-content\" class=\"accordion-inner\" aria-labelledby=\"accordion-897415661-label\">\n\t\t\t\n\n<p><span style=\"font-weight: 400;\">Gerente de servi\u00e7o t\u00e9cnico: David Garc\u00eda, <\/span><strong><a href=\"mailto:dgarcia@atsi.es\">dgarcia@atsi.es<\/a><\/strong><\/p>\n\n\t\t<\/div>\n\t<\/div>\n\t\n\t<div id=\"accordion-12708782\" class=\"accordion-item\">\n\t\t<a id=\"accordion-12708782-label\" class=\"accordion-title plain\" href=\"#accordion-item-onde-posso-obter-os-arquivos-gsd?\" aria-expanded=\"false\" aria-controls=\"accordion-12708782-content\">\n\t\t\t<button class=\"toggle\" aria-label=\"Toggle\"><i class=\"icon-angle-down\" aria-hidden=\"true\"><\/i><\/button>\n\t\t\t<span>Onde posso obter os arquivos GSD?<\/span>\n\t\t<\/a>\n\t\t<div id=\"accordion-12708782-content\" class=\"accordion-inner\" aria-labelledby=\"accordion-12708782-label\">\n\t\t\t\n\n<p><strong><a href=\"https:\/\/www.weber-online.com\/es\/downloads\/\" target=\"_blank\" rel=\"noopener\">https:\/\/www.weber-online.com\/es\/downloads\/<\/a><\/strong><\/p>\n\n\t\t<\/div>\n\t<\/div>\n\t\n\n<\/div>\n\n<\/div><\/div><\/div>\n\n\t\t<\/div>\n\t\t\t\t\t<\/div>\n\n\t\n\n<\/div>\n\n\t\t<\/div>\n\n\t\t\n<style>\n#section_463047940 {\n  padding-top: 60px;\n  padding-bottom: 60px;\n}\n<\/style>\n\t<\/section>\n\t\n\n","protected":false},"excerpt":{"rendered":"","protected":false},"author":1,"featured_media":0,"parent":0,"menu_order":0,"comment_status":"closed","ping_status":"closed","template":"page-blank.php","meta":{"footnotes":""},"class_list":["post-735","page","type-page","status-publish","hentry"],"_links":{"self":[{"href":"https:\/\/atsi.es\/pt-pt\/wp-json\/wp\/v2\/pages\/735","targetHints":{"allow":["GET"]}}],"collection":[{"href":"https:\/\/atsi.es\/pt-pt\/wp-json\/wp\/v2\/pages"}],"about":[{"href":"https:\/\/atsi.es\/pt-pt\/wp-json\/wp\/v2\/types\/page"}],"author":[{"embeddable":true,"href":"https:\/\/atsi.es\/pt-pt\/wp-json\/wp\/v2\/users\/1"}],"replies":[{"embeddable":true,"href":"https:\/\/atsi.es\/pt-pt\/wp-json\/wp\/v2\/comments?post=735"}],"version-history":[{"count":14,"href":"https:\/\/atsi.es\/pt-pt\/wp-json\/wp\/v2\/pages\/735\/revisions"}],"predecessor-version":[{"id":749,"href":"https:\/\/atsi.es\/pt-pt\/wp-json\/wp\/v2\/pages\/735\/revisions\/749"}],"wp:attachment":[{"href":"https:\/\/atsi.es\/pt-pt\/wp-json\/wp\/v2\/media?parent=735"}],"curies":[{"name":"wp","href":"https:\/\/api.w.org\/{rel}","templated":true}]}}