{"id":719,"date":"2023-07-12T09:24:34","date_gmt":"2023-07-12T09:24:34","guid":{"rendered":"https:\/\/atsi.es\/empresa\/"},"modified":"2024-11-20T08:35:00","modified_gmt":"2024-11-20T08:35:00","slug":"empresa","status":"publish","type":"page","link":"https:\/\/atsi.es\/pt-pt\/empresa\/","title":{"rendered":"COMPANHIA"},"content":{"rendered":"\n\n\t<section class=\"section\" id=\"section_1805635665\">\n\t\t<div class=\"section-bg fill\" >\n\t\t\t\t\t\t\t\t\t\n\t\t\t\n\n\t\t<\/div>\n\n\t\t\n\n\t\t<div class=\"section-content relative\">\n\t\t\t\n\n<div class=\"row row-large align-bottom align-right\" style=\"max-width:1300px\" id=\"row-922136913\">\n\n\n\t<div id=\"col-523524708\" class=\"col medium-12 small-12 large-4\"  >\n\t\t\t\t<div class=\"col-inner\"  >\n\t\t\t\n\t\t\t\n\n\t<div id=\"gap-484327793\" class=\"gap-element clearfix\" style=\"display:block; height:auto;\">\n\t\t\n<style>\n#gap-484327793 {\n  padding-top: 0px;\n}\n@media (min-width:850px) {\n  #gap-484327793 {\n    padding-top: 50px;\n  }\n}\n<\/style>\n\t<\/div>\n\t\n\n<h6>DESDE 1975<\/h6>\n\t<div id=\"text-501364442\" class=\"text\">\n\t\t\n\n<h1>Companhia<\/h1>\n\t\t\n<style>\n#text-501364442 {\n  font-size: 1.75rem;\n  text-align: left;\n  color: rgb(0,0,0);\n}\n#text-501364442 > * {\n  color: rgb(0,0,0);\n}\n<\/style>\n\t<\/div>\n\t\n\t<div id=\"text-25483838\" class=\"text\">\n\t\t\n\n<p><span style=\"font-weight: 400;\">ATSI, S.L. A ATSI, S.L. \u00e9 uma Empresa fundada pelo <\/span><b>Sr. Jos\u00e9 Luis Palencia Polo <\/b><span style=\"font-weight: 400;\">\u00e0 mais de 40 anos em Val\u00eancia. Inicialmente prestava servi\u00e7os de assessoria e fornecia a ind\u00fastria metalomec\u00e2nica de ferramentas e utens\u00edlios especiais de \u00faltima gera\u00e7\u00e3o, em especial a <strong>ind\u00fastria da maquina\u00e7\u00e3o<\/strong>.<\/span><\/p>\n<div>Foi em 1975 que a ATSI adquiriu a <strong>representa\u00e7\u00e3o exclusiva da WEBER<\/strong> Schraubautomaten GmbH, uma empresa alem\u00e3 pioneira na \u00e1rea de aparafusamento com <strong>alimenta\u00e7\u00e3o autom\u00e1tica<\/strong>.<\/div>\n<div>\u00a0<\/div>\n<div>Mais tarde, na d\u00e9cada de 1990, a ATSI tamb\u00e9m assumiu a distribui\u00e7\u00e3o da empresa de <strong>prensagem de precis\u00e3o Schmidt Technology<\/strong>.<\/div>\n\t\t\n<style>\n#text-25483838 {\n  font-size: 0.9rem;\n  text-align: left;\n}\n<\/style>\n\t<\/div>\n\t\n\n\t\t<\/div>\n\t\t\t\t\n<style>\n#col-523524708 > .col-inner {\n  padding: 0px 20px 0px 20px;\n}\n<\/style>\n\t<\/div>\n\n\t\n\n<\/div>\n\n\t\t<\/div>\n\n\t\t\n<style>\n#section_1805635665 {\n  padding-top: 0px;\n  padding-bottom: 0px;\n  min-height: 430px;\n  background-color: rgb(245, 245, 245);\n}\n@media (min-width:550px) {\n  #section_1805635665 {\n    padding-top: 0px;\n    padding-bottom: 0px;\n    min-height: 500px;\n  }\n}\n<\/style>\n\t<\/section>\n\t\n<div class=\"row row-small align-bottom\" style=\"max-width:1300px\" id=\"row-651652398\">\n\n\n\t<div id=\"col-1849220272\" class=\"col medium-12 small-12 large-4\"  >\n\t\t\t\t<div class=\"col-inner\"  >\n\t\t\t\n\t\t\t\n\n\n  <div class=\"banner has-hover\" id=\"banner-1395442497\">\n          <div class=\"banner-inner fill\">\n        <div class=\"banner-bg fill\" >\n            <img loading=\"lazy\" decoding=\"async\" width=\"1020\" height=\"679\" src=\"https:\/\/atsi.es\/wp-content\/uploads\/2023\/01\/Der-Schrauber-fur-Leichtbauroboter-LBR-mit-Werkzeugwechsler-SEV-P-WEBER-1-1024x682.jpg\" class=\"bg attachment-large size-large\" alt=\"\" \/>                                    \n                    <\/div>\n\t\t\n        <div class=\"banner-layers container\">\n            <div class=\"fill banner-link\"><\/div>            \n\n\n        <\/div>\n      <\/div>\n\n            \n<style>\n#banner-1395442497 {\n  padding-top: 300px;\n  background-color: rgb(255, 239, 234);\n}\n#banner-1395442497 .banner-bg img {\n  object-position: 25% 86%;\n}\n@media (min-width:550px) {\n  #banner-1395442497 {\n    padding-top: 400px;\n  }\n}\n@media (min-width:850px) {\n  #banner-1395442497 {\n    padding-top: 560px;\n  }\n}\n<\/style>\n  <\/div>\n\n\n\n\t\t<\/div>\n\t\t\t\t\n<style>\n#col-1849220272 > .col-inner {\n  padding: 0px 20px 0px 20px;\n  margin: 0px - 0px 0px;\n}\n@media (min-width:850px) {\n  #col-1849220272 > .col-inner {\n    margin: -520px -1px 0px 0px;\n  }\n}\n<\/style>\n\t<\/div>\n\n\t\n\n\t<div id=\"col-1196619147\" class=\"col medium-12 small-12 large-4\"  >\n\t\t\t\t<div class=\"col-inner\"  >\n\t\t\t\n\t\t\t\n\n\n  <div class=\"banner has-hover\" id=\"banner-1141788722\">\n          <div class=\"banner-inner fill\">\n        <div class=\"banner-bg fill\" >\n            <img loading=\"lazy\" decoding=\"async\" width=\"800\" height=\"957\" src=\"https:\/\/atsi.es\/wp-content\/uploads\/2023\/01\/PneumaticPress-Hoehenverstellung.jpg\" class=\"bg attachment-original size-original\" alt=\"\" \/>                                    \n                    <\/div>\n\t\t\n        <div class=\"banner-layers container\">\n            <div class=\"fill banner-link\"><\/div>            \n\n\n        <\/div>\n      <\/div>\n\n            \n<style>\n#banner-1141788722 {\n  padding-top: 300px;\n  background-color: rgb(255, 239, 234);\n}\n#banner-1141788722 .banner-bg img {\n  object-position: 50%50%;\n}\n@media (min-width:550px) {\n  #banner-1141788722 {\n    padding-top: 400px;\n  }\n}\n@media (min-width:850px) {\n  #banner-1141788722 {\n    padding-top: 560px;\n  }\n}\n<\/style>\n  <\/div>\n\n\n\n\t\t<\/div>\n\t\t\t\t\n<style>\n#col-1196619147 > .col-inner {\n  padding: 0px 20px 0px 20px;\n  margin: -60px 0px 0px 0px;\n}\n@media (min-width:550px) {\n  #col-1196619147 > .col-inner {\n    margin: -140px 0px 0px 0px;\n  }\n}\n@media (min-width:850px) {\n  #col-1196619147 > .col-inner {\n    margin: -520px 0px 0px 0px;\n  }\n}\n<\/style>\n\t<\/div>\n\n\t\n\n\t<div id=\"col-410886231\" class=\"col medium-12 small-12 large-4\"  >\n\t\t\t\t<div class=\"col-inner\"  >\n\t\t\t\n\t\t\t\n\n\n\t\t<\/div>\n\t\t\t\t\n<style>\n#col-410886231 > .col-inner {\n  padding: 0px 21px 0px 20px;\n  margin: -300px 0px -16px 0px;\n}\n@media (min-width:850px) {\n  #col-410886231 > .col-inner {\n    padding: 0px 40px 0px 40px;\n  }\n}\n<\/style>\n\t<\/div>\n\n\t\n\n<\/div>\n\n\t<section class=\"section dark\" id=\"section_78037701\">\n\t\t<div class=\"section-bg fill\" >\n\t\t\t\t\t\t\t\t\t\n\t\t\t\n\n\t\t<\/div>\n\n\t\t\n\n\t\t<div class=\"section-content relative\">\n\t\t\t\n\n<div class=\"text-center\"><div class=\"is-divider divider clearfix\" style=\"max-width:100px;height:4px;background-color:rgb(213, 213, 213);\"><\/div><\/div>\n\n<div class=\"row align-center\" style=\"max-width:1300px\" id=\"row-303221827\">\n\n\n\t<div id=\"col-95141127\" class=\"col medium-11 small-12 large-12\"  >\n\t\t\t\t<div class=\"col-inner\"  >\n\t\t\t\n\t\t\t\n\n\t<div id=\"text-2977951453\" class=\"text\">\n\t\t\n\n<h2 class=\"uppercase\">O QUE MAIS IMPORTA PARA N\u00d3SA: ATENDIMENTO E QUALIDADE<\/h2>\n\t\t\n<style>\n#text-2977951453 {\n  font-size: 1.45rem;\n  text-align: center;\n  color: rgb(0,0,0);\n}\n#text-2977951453 > * {\n  color: rgb(0,0,0);\n}\n<\/style>\n\t<\/div>\n\t\n\n\t\t<\/div>\n\t\t\t\t\t<\/div>\n\n\t\n\n<\/div>\n<div class=\"row row-large align-equal align-center\" style=\"max-width:1300px\" id=\"row-1455056678\">\n\n\n\t<div id=\"col-940747370\" class=\"col medium-6 small-12 large-3\"  >\n\t\t\t\t<div class=\"col-inner text-center\"  >\n\t\t\t\n\t\t\t\n\n\n\t\t<div class=\"icon-box featured-box icon-box-top text-left\"  >\n\t\t\t\t\t<div class=\"icon-box-img\" style=\"width: 100px\">\n\t\t\t\t<div class=\"icon\">\n\t\t\t\t\t<div class=\"icon-inner\" >\n\t\t\t\t\t\t<img loading=\"lazy\" decoding=\"async\" width=\"116\" height=\"116\" src=\"https:\/\/atsi.es\/wp-content\/uploads\/2023\/01\/profesionalidad.png\" class=\"attachment-medium size-medium\" alt=\"\" \/>\t\t\t\t\t<\/div>\n\t\t\t\t<\/div>\n\t\t\t<\/div>\n\t\t\t\t<div class=\"icon-box-text last-reset\">\n\t\t\t\t\t\t\t\t\t\n\n\t<div id=\"text-352185571\" class=\"text\">\n\t\t\n\n<h3>Profissionalismo<\/h3>\n\t\t\n<style>\n#text-352185571 {\n  font-size: 1.35rem;\n  text-align: center;\n  color: rgb(0, 0, 0);\n}\n#text-352185571 > * {\n  color: rgb(0, 0, 0);\n}\n<\/style>\n\t<\/div>\n\t\n\t<div id=\"text-1675049997\" class=\"text\">\n\t\t\n\n<p>O profissionalismo \u00e9 adquirido com a prepara\u00e7\u00e3o e experi\u00eancia. Na ATSI estamos plenamente consciencializados da sua import\u00e2ncia.<\/p>\n\t\t\n<style>\n#text-1675049997 {\n  font-size: 0.9rem;\n  text-align: center;\n  color: #515151;\n}\n#text-1675049997 > * {\n  color: #515151;\n}\n<\/style>\n\t<\/div>\n\t\n\n\t\t<\/div>\n\t<\/div>\n\t\n\t\n\n\t\t<\/div>\n\t\t\t\t\t<\/div>\n\n\t\n\n\t<div id=\"col-111272589\" class=\"col medium-6 small-12 large-3\"  >\n\t\t\t\t<div class=\"col-inner text-center\"  >\n\t\t\t\n\t\t\t\n\n\n\t\t<div class=\"icon-box featured-box icon-box-top text-left\"  >\n\t\t\t\t\t<div class=\"icon-box-img\" style=\"width: 100px\">\n\t\t\t\t<div class=\"icon\">\n\t\t\t\t\t<div class=\"icon-inner\" >\n\t\t\t\t\t\t<img loading=\"lazy\" decoding=\"async\" width=\"116\" height=\"116\" src=\"https:\/\/atsi.es\/wp-content\/uploads\/2023\/01\/servicio.png\" class=\"attachment-medium size-medium\" alt=\"\" \/>\t\t\t\t\t<\/div>\n\t\t\t\t<\/div>\n\t\t\t<\/div>\n\t\t\t\t<div class=\"icon-box-text last-reset\">\n\t\t\t\t\t\t\t\t\t\n\n\t<div id=\"text-219053839\" class=\"text\">\n\t\t\n\n<h3>Servi\u00e7o<\/h3>\n\t\t\n<style>\n#text-219053839 {\n  font-size: 1.35rem;\n  text-align: center;\n  color: rgb(0,0,0);\n}\n#text-219053839 > * {\n  color: rgb(0,0,0);\n}\n<\/style>\n\t<\/div>\n\t\n\t<div id=\"text-499550833\" class=\"text\">\n\t\t\n\n<p>Para a ATSI, o servi\u00e7o n\u00e3o \u00e9 s\u00f3 um valor acrescentado aos nossos produtos. O servi\u00e7o \u00e9 uma atitude e \u00e9 uma das diferen\u00e7as mais importantes face \u00e1 nossa concorr\u00eancia.<\/p>\n\t\t\n<style>\n#text-499550833 {\n  font-size: 0.9rem;\n  text-align: center;\n  color: #515151;\n}\n#text-499550833 > * {\n  color: #515151;\n}\n<\/style>\n\t<\/div>\n\t\n\n\t\t<\/div>\n\t<\/div>\n\t\n\t\n\n\t\t<\/div>\n\t\t\t\t\t<\/div>\n\n\t\n\n\t<div id=\"col-1456502526\" class=\"col medium-6 small-12 large-3\"  >\n\t\t\t\t<div class=\"col-inner text-center\"  >\n\t\t\t\n\t\t\t\n\n\n\t\t<div class=\"icon-box featured-box icon-box-top text-left\"  >\n\t\t\t\t\t<div class=\"icon-box-img\" style=\"width: 100px\">\n\t\t\t\t<div class=\"icon\">\n\t\t\t\t\t<div class=\"icon-inner\" >\n\t\t\t\t\t\t<img loading=\"lazy\" decoding=\"async\" width=\"116\" height=\"116\" src=\"https:\/\/atsi.es\/wp-content\/uploads\/2023\/01\/tecnologia.png\" class=\"attachment-medium size-medium\" alt=\"\" \/>\t\t\t\t\t<\/div>\n\t\t\t\t<\/div>\n\t\t\t<\/div>\n\t\t\t\t<div class=\"icon-box-text last-reset\">\n\t\t\t\t\t\t\t\t\t\n\n\t<div id=\"text-2754424033\" class=\"text\">\n\t\t\n\n<h3>Tecnologia<\/h3>\n\t\t\n<style>\n#text-2754424033 {\n  font-size: 1.35rem;\n  text-align: center;\n  color: rgb(0,0,0);\n}\n#text-2754424033 > * {\n  color: rgb(0,0,0);\n}\n<\/style>\n\t<\/div>\n\t\n\t<div id=\"text-1127863865\" class=\"text\">\n\t\t\n\n<p>A Tecnologia \u00e9 a nossa raz\u00e3o de ser. O nosso trabalho \u00e9 proporcionar produtos de alta tecnologia aos nossos Clientes.<\/p>\n\t\t\n<style>\n#text-1127863865 {\n  font-size: 0.9rem;\n  text-align: center;\n  color: #515151;\n}\n#text-1127863865 > * {\n  color: #515151;\n}\n<\/style>\n\t<\/div>\n\t\n\n\t\t<\/div>\n\t<\/div>\n\t\n\t\n\n\t\t<\/div>\n\t\t\t\t\t<\/div>\n\n\t\n\n<\/div>\n\t<div id=\"gap-561193509\" class=\"gap-element clearfix\" style=\"display:block; height:auto;\">\n\t\t\n<style>\n#gap-561193509 {\n  padding-top: 20px;\n}\n<\/style>\n\t<\/div>\n\t\n\n\n\t\t<\/div>\n\n\t\t\n<style>\n#section_78037701 {\n  padding-top: 70px;\n  padding-bottom: 70px;\n  background-color: rgb(255,255,255);\n}\n@media (min-width:850px) {\n  #section_78037701 {\n    padding-top: 20px;\n    padding-bottom: 20px;\n  }\n}\n<\/style>\n\t<\/section>\n\t\n\n\t<section class=\"section\" id=\"section_96765430\">\n\t\t<div class=\"section-bg fill\" >\n\t\t\t\t\t\t\t\t\t\n\t\t\t\n\n\t\t<\/div>\n\n\t\t\n\n\t\t<div class=\"section-content relative\">\n\t\t\t\n\n\t<div id=\"gap-161498827\" class=\"gap-element clearfix\" style=\"display:block; height:auto;\">\n\t\t\n<style>\n#gap-161498827 {\n  padding-top: 30px;\n}\n<\/style>\n\t<\/div>\n\t\n\n<div class=\"row row-large align-equal\" style=\"max-width:1300px\" id=\"row-1376629180\">\n\n\n\t<div id=\"col-326022714\" class=\"col medium-12 small-12 large-6\"  >\n\t\t\t\t<div class=\"col-inner\"  >\n\t\t\t\n\t\t\t\n\n\t<div id=\"text-1451077126\" class=\"text\">\n\t\t\n\n<h2>Nosso presente e nosso futuro<\/h2>\n\t\t\n<style>\n#text-1451077126 {\n  font-size: 1.5rem;\n  color: rgb(0,0,0);\n}\n#text-1451077126 > * {\n  color: rgb(0,0,0);\n}\n<\/style>\n\t<\/div>\n\t\n\t<div id=\"text-3178424857\" class=\"text\">\n\t\t\n\n<p><span style=\"font-weight: 400;\">Ao largo de todos estes anos a ATSI-WEBER foi-se consolidando em diferentes campos da Ind\u00fastria Espanhola como a principal refer\u00eancia no campo do aparafusamento e montagem com alimenta\u00e7\u00e3o autom\u00e1tica.<\/span><span style=\"font-weight: 400;\">\u00a0<\/span><\/p>\n<p><span style=\"font-weight: 400;\">A partir de 1990, a ATSI representa em exclusividade a marca Alem\u00e3 <\/span><b>SCHMIDT Technology GmbH<\/b><span style=\"font-weight: 400;\">, incorporando na Ind\u00fastria Espanhola os sistemas de prensagem de precis\u00e3o tecnologicamente mais avan\u00e7ado do mundo.<\/span><span style=\"font-weight: 400;\">\u00a0<\/span><\/p>\n<p><span style=\"font-weight: 400;\">As principais ind\u00fastrias relacionadas com o ramo Autom\u00f3vel, Electrodom\u00e9sticos, Electr\u00f3nica e pequeno material El\u00e9ctrico, Brinquedos, Marcenaria e inclusivamente a Ind\u00fastria Aeron\u00e1utica, confirmam a experi\u00eancia e efic\u00e1cia das firmas nossas representadas.<\/span><span style=\"font-weight: 400;\">\u00a0<\/span><\/p>\n<p><span style=\"font-weight: 400;\">Na ATSI olhamos para o futuro com entusiasmo, com o entusiasmo de continuar a laborar e a esfor\u00e7armo-nos todos os dias para melhorar e continuar a proporcionar aos nossos Clientes produtos e servi\u00e7os da mais avan\u00e7ada tecnologia e de qualidade comprovada.<\/span><\/p>\n\t\t\n<style>\n#text-3178424857 {\n  font-size: 0.9rem;\n}\n<\/style>\n\t<\/div>\n\t\n\n\t\t<\/div>\n\t\t\t\t\n<style>\n#col-326022714 > .col-inner {\n  padding: 0px 20px 0px 20px;\n  margin: 0px 0px -17px 0px;\n}\n@media (min-width:850px) {\n  #col-326022714 > .col-inner {\n    padding: 0px 40px 0px 0px;\n  }\n}\n<\/style>\n\t<\/div>\n\n\t\n\n\t<div id=\"col-853215734\" class=\"col medium-12 small-12 large-6 medium-col-first\"  >\n\t\t\t\t<div class=\"col-inner text-center\"  >\n\t\t\t\n\t\t\t\n\n\t<div class=\"img has-hover x md-x lg-x y md-y lg-y\" id=\"image_965022867\">\n\t\t\t\t\t\t\t\t<div class=\"img-inner dark\" >\n\t\t\t<img loading=\"lazy\" decoding=\"async\" width=\"809\" height=\"743\" src=\"https:\/\/atsi.es\/wp-content\/uploads\/2023\/07\/presente-futuro-atsi-3.jpg\" class=\"attachment-original size-original\" alt=\"\" srcset=\"https:\/\/atsi.es\/wp-content\/uploads\/2023\/07\/presente-futuro-atsi-3.jpg 809w, https:\/\/atsi.es\/wp-content\/uploads\/2023\/07\/presente-futuro-atsi-3-300x276.jpg 300w, https:\/\/atsi.es\/wp-content\/uploads\/2023\/07\/presente-futuro-atsi-3-768x705.jpg 768w\" sizes=\"auto, (max-width: 809px) 100vw, 809px\" \/>\t\t\t\t\t\t\n\t\t\t\t\t<\/div>\n\t\t\t\t\t\t\t\t\n<style>\n#image_965022867 {\n  width: 80%;\n}\n<\/style>\n\t<\/div>\n\t\n\n\n\t\t<\/div>\n\t\t\t\t\n<style>\n#col-853215734 > .col-inner {\n  padding: 0px 20px 0px 20px;\n}\n<\/style>\n\t<\/div>\n\n\t\n\n<\/div>\n\n\t\t<\/div>\n\n\t\t\n<style>\n#section_96765430 {\n  padding-top: 60px;\n  padding-bottom: 60px;\n  background-color: rgb(245, 245, 245);\n}\n<\/style>\n\t<\/section>\n\t\n\n\t<section class=\"section\" id=\"section_673426616\">\n\t\t<div class=\"section-bg fill\" >\n\t\t\t\t\t\t\t\t\t\n\t\t\t\n\n\t\t<\/div>\n\n\t\t\n\n\t\t<div class=\"section-content relative\">\n\t\t\t\n\n<div class=\"row align-center\" style=\"max-width:1300px\" id=\"row-1806943019\">\n\n\n\t<div id=\"col-1972043188\" class=\"col medium-9 small-12 large-9\"  >\n\t\t\t\t<div class=\"col-inner text-center\"  >\n\t\t\t\n\t\t\t\n\n\t<div id=\"text-3776652315\" class=\"text\">\n\t\t\n\n<h2><a href=\"https:\/\/www.sgs.com\/en-es\/certified-clients-and-products\/certified-client-directory\" target=\"_blank\" rel=\"noopener\"><img loading=\"lazy\" decoding=\"async\" class=\"alignnone wp-image-472 \" src=\"https:\/\/atsi.es\/wp-content\/uploads\/2023\/07\/logoiso-1.png\" alt=\"\" width=\"135\" height=\"125\" \/><\/a><\/h2>\n<h2>Qualidade Certificada<\/h2>\n\t\t\n<style>\n#text-3776652315 {\n  font-size: 1.5rem;\n  text-align: center;\n  color: rgb(0,0,0);\n}\n#text-3776652315 > * {\n  color: rgb(0,0,0);\n}\n<\/style>\n\t<\/div>\n\t\n\t<div id=\"text-2993760971\" class=\"text\">\n\t\t\n\n<p><span style=\"font-weight: 400;\"><strong>Qualidade significa apresentar ao Cliente<\/strong> valor acrescentado, ou seja, oferecer um conjunto de condi\u00e7\u00f5es de utiliza\u00e7\u00e3o de um produto ou servi\u00e7o que superem as suas expectativas. A Qualidade \u00e9 parte integrante da forma como entendemos o nosso trabalho, dia ap\u00f3s dia trabalhamos levando em mente esta premissa. <strong>Na ATSI assim o entendemos e a entidade certificadora SGS o atesta.\u00a0<\/strong><\/span><\/p>\n\t\t\n<style>\n#text-2993760971 {\n  font-size: 0.9rem;\n}\n<\/style>\n\t<\/div>\n\t\n\n\t\t<\/div>\n\t\t\t\t\t<\/div>\n\n\t\n\n<\/div>\n\n\t\t<\/div>\n\n\t\t\n<style>\n#section_673426616 {\n  padding-top: 60px;\n  padding-bottom: 60px;\n}\n<\/style>\n\t<\/section>\n\t\n\n\t<section class=\"section dark\" id=\"section_549563412\">\n\t\t<div class=\"section-bg fill\" >\n\t\t\t\t\t\t\t\t\t\n\t\t\t\n\n\t\t<\/div>\n\n\t\t\n\n\t\t<div class=\"section-content relative\">\n\t\t\t\r\n\r\n<div class=\"row\"  id=\"row-81111301\">\r\n\r\n\n\t<div id=\"col-25464312\" class=\"col small-12 large-12\"  >\n\t\t\t\t<div class=\"col-inner text-center\"  >\n\t\t\t\n\t\t\t\r\n\r\n\t<div id=\"gap-2007428589\" class=\"gap-element clearfix\" style=\"display:block; height:auto;\">\n\t\t\n<style>\n#gap-2007428589 {\n  padding-top: 35px;\n}\n<\/style>\n\t<\/div>\n\t\r\n\r\n<div class=\"text-center\"><div class=\"is-divider divider clearfix\" style=\"max-width:100px;height:4px;background-color:rgb(255, 255, 255);\"><\/div><\/div>\r\n\r\n\t<div id=\"text-2093344521\" class=\"text\">\n\t\t\r\n<h2 class=\"uppercase\">Envie-nos sua consulta<\/h2>\r\n\t\t\n<style>\n#text-2093344521 {\n  font-size: 1.5rem;\n  text-align: center;\n}\n<\/style>\n\t<\/div>\n\t\r\n<a href=\"\/pt-pt\/contato\/\" class=\"button white\" style=\"padding:5px 30px 5px 30px;\">\n\t\t<span>CONTATE-NOS<\/span>\n\t<\/a>\n\r\n\r\n\t\t<\/div>\n\t\t\t\t\t<\/div>\n\n\t\r\n\r\n<\/div>\r\n\r\n\t\t<\/div>\n\n\t\t\n<style>\n#section_549563412 {\n  padding-top: 30px;\n  padding-bottom: 30px;\n  background-color: rgb(0,0,0);\n}\n<\/style>\n\t<\/section>\n\t\n\n\n","protected":false},"excerpt":{"rendered":"","protected":false},"author":1,"featured_media":0,"parent":0,"menu_order":0,"comment_status":"closed","ping_status":"closed","template":"page-blank.php","meta":{"footnotes":""},"class_list":["post-719","page","type-page","status-publish","hentry"],"_links":{"self":[{"href":"https:\/\/atsi.es\/pt-pt\/wp-json\/wp\/v2\/pages\/719","targetHints":{"allow":["GET"]}}],"collection":[{"href":"https:\/\/atsi.es\/pt-pt\/wp-json\/wp\/v2\/pages"}],"about":[{"href":"https:\/\/atsi.es\/pt-pt\/wp-json\/wp\/v2\/types\/page"}],"author":[{"embeddable":true,"href":"https:\/\/atsi.es\/pt-pt\/wp-json\/wp\/v2\/users\/1"}],"replies":[{"embeddable":true,"href":"https:\/\/atsi.es\/pt-pt\/wp-json\/wp\/v2\/comments?post=719"}],"version-history":[{"count":6,"href":"https:\/\/atsi.es\/pt-pt\/wp-json\/wp\/v2\/pages\/719\/revisions"}],"predecessor-version":[{"id":846,"href":"https:\/\/atsi.es\/pt-pt\/wp-json\/wp\/v2\/pages\/719\/revisions\/846"}],"wp:attachment":[{"href":"https:\/\/atsi.es\/pt-pt\/wp-json\/wp\/v2\/media?parent=719"}],"curies":[{"name":"wp","href":"https:\/\/api.w.org\/{rel}","templated":true}]}}