{"id":686,"date":"2023-01-11T09:56:25","date_gmt":"2023-01-11T09:56:25","guid":{"rendered":"https:\/\/atsi.es\/inicio\/"},"modified":"2026-04-20T15:15:39","modified_gmt":"2026-04-20T15:15:39","slug":"inicio","status":"publish","type":"page","link":"https:\/\/atsi.es\/pt-pt\/","title":{"rendered":"INICIA\u00c7\u00c3O"},"content":{"rendered":"\n\n\t<section class=\"section\" id=\"section_1567667502\">\n\t\t<div class=\"section-bg fill\" >\n\t\t\t\t\t\t\t\t\t\n\t\t\t\n\n\t\t<\/div>\n\n\t\t\n\n\t\t<div class=\"section-content relative\">\n\t\t\t\n\n<div class=\"row row-collapse row-full-width\"  id=\"row-306793187\">\n\n\n\t<div id=\"col-1753461703\" class=\"col small-12 large-12\"  >\n\t\t\t\t<div class=\"col-inner text-center\" style=\"background-color:rgb(0,0,0);\" >\n\t\t\t\n\t\t\t\n\n\t<div class=\"img has-hover x md-x lg-x y md-y lg-y\" id=\"image_233520018\">\n\t\t<a class=\"\" href=\"https:\/\/www.advancedfactories.com\/\" target=\"_blank\" rel=\"noopener\" >\t\t\t\t\t\t<div class=\"img-inner dark\" >\n\t\t\t<img loading=\"lazy\" decoding=\"async\" width=\"600\" height=\"150\" src=\"https:\/\/atsi.es\/wp-content\/uploads\/2026\/04\/firma_600x120px_af2026.png\" class=\"attachment-original size-original\" alt=\"\" srcset=\"https:\/\/atsi.es\/wp-content\/uploads\/2026\/04\/firma_600x120px_af2026.png 600w, https:\/\/atsi.es\/wp-content\/uploads\/2026\/04\/firma_600x120px_af2026-300x75.png 300w\" sizes=\"auto, (max-width: 600px) 100vw, 600px\" \/>\t\t\t\t\t\t\n\t\t\t\t\t<\/div>\n\t\t\t\t\t\t<\/a>\t\t\n<style>\n#image_233520018 {\n  width: 40%;\n}\n<\/style>\n\t<\/div>\n\t\n\n\n\t\t<\/div>\n\t\t\t\t\n<style>\n#col-1753461703 > .col-inner {\n  margin: 0px 0px -50px 0px;\n}\n<\/style>\n\t<\/div>\n\n\t\n\n<\/div>\n\n\t\t<\/div>\n\n\t\t\n<style>\n#section_1567667502 {\n  padding-top: 0px;\n  padding-bottom: 0px;\n}\n<\/style>\n\t<\/section>\n\t\n<div class=\"slider-wrapper relative\" id=\"slider-940664135\" >\n    <div class=\"slider slider-nav-circle slider-nav-large slider-nav-light slider-style-normal\"\n        data-flickity-options='{\n            \"cellAlign\": \"center\",\n            \"imagesLoaded\": true,\n            \"lazyLoad\": 1,\n            \"freeScroll\": false,\n            \"wrapAround\": true,\n            \"autoPlay\": 6000,\n            \"pauseAutoPlayOnHover\" : true,\n            \"prevNextButtons\": true,\n            \"contain\" : true,\n            \"adaptiveHeight\" : true,\n            \"dragThreshold\" : 10,\n            \"percentPosition\": true,\n            \"pageDots\": true,\n            \"rightToLeft\": false,\n            \"draggable\": true,\n            \"selectedAttraction\": 0.1,\n            \"parallax\" : 0,\n            \"friction\": 0.6        }'\n        >\n        \n\n\n\t<section class=\"section dark is-full-height\" id=\"section_404899395\">\n\t\t<div class=\"section-bg fill\" >\n\t\t\t\t\t\t\t<div class=\"video-overlay no-click fill visible\"><\/div>\n\t<video class=\"video-bg fill visible\" preload playsinline autoplay muted loop>\n\t\t<source src=\"https:\/\/atsi.es\/wp-content\/uploads\/2023\/01\/advanced-robotic-machine-manufacturing-parts-in-an-2022-08-10-03-57-49-utc.mp4\" type=\"video\/mp4\">\t<\/video>\n\t\t\t<div class=\"section-bg-overlay absolute fill\"><\/div>\n\t\t\t\n\n\t\t<\/div>\n\n\t\t\n\n\t\t<div class=\"section-content relative\">\n\t\t\t\n\n<div class=\"row row-full-width align-right\"  id=\"row-1289207558\">\n\n\n\t<div id=\"col-823902423\" class=\"col medium-8 small-12 large-8 col-divided\"  >\n\t\t\t\t<div class=\"col-inner\"  >\n\t\t\t\n\t\t\t\n\n\t<div id=\"text-175017930\" class=\"text\">\n\t\t\n\n<h6 class=\"alt-font\">MAIS DE 40 ANOS DE experi\u00eancia<\/h6>\n\t\t\n<style>\n#text-175017930 {\n  font-size: 1.75rem;\n  text-align: right;\n  color: rgba(255, 255, 255, 0.884);\n}\n#text-175017930 > * {\n  color: rgba(255, 255, 255, 0.884);\n}\n@media (min-width:550px) {\n  #text-175017930 {\n    font-size: 2.5rem;\n  }\n}\n<\/style>\n\t<\/div>\n\t\n\t<div id=\"text-1552259684\" class=\"text\">\n\t\t\n\n<h2 class=\"uppercase\" style=\"text-align: right;\"><span style=\"color: #ffffff;\">APARAFUSAMENTO<\/p>\n<p><\/span><\/h2>\n\t\t\n<style>\n#text-1552259684 {\n  font-size: 1.75rem;\n  line-height: 2.05;\n  text-align: right;\n  color: rgb(255,255,255);\n}\n#text-1552259684 > * {\n  color: rgb(255,255,255);\n}\n@media (min-width:550px) {\n  #text-1552259684 {\n    font-size: 2rem;\n  }\n}\n<\/style>\n\t<\/div>\n\t\n\n\t\t<\/div>\n\t\t\t\t\t<\/div>\n\n\t\n\n\t<div id=\"col-733867345\" class=\"col medium-3 small-12 large-3\"  >\n\t\t\t\t<div class=\"col-inner text-right\"  >\n\t\t\t\n\t\t\t\n\n\t<div id=\"text-3942822136\" class=\"text\">\n\t\t\n\n<p class=\"uppercase\"><a href=\"https:\/\/atsi.es\/pt-pt\/weber\/\"><span style=\"color: #ffffff;\"><img loading=\"lazy\" decoding=\"async\" src=\"https:\/\/atsi.es\/wp-content\/uploads\/2023\/01\/weber-schraubautomaten-1.png\" alt=\"\" width=\"150\" height=\"58\" \/><\/span><\/a><\/p>\n\t\t\n<style>\n#text-3942822136 {\n  font-size: 3rem;\n  line-height: 1.4;\n  text-align: right;\n  color: rgb(255,255,255);\n}\n#text-3942822136 > * {\n  color: rgb(255,255,255);\n}\n@media (min-width:550px) {\n  #text-3942822136 {\n    font-size: 0.75rem;\n    line-height: 1.4;\n    text-align: left;\n  }\n}\n<\/style>\n\t<\/div>\n\t\n\n\t\t<\/div>\n\t\t\t\t\n<style>\n#col-733867345 > .col-inner {\n  padding: 0px 0px 0px 0px;\n  margin: -110px 0px 0px 0px;\n}\n@media (min-width:550px) {\n  #col-733867345 > .col-inner {\n    padding: 40px 0px 0px 0px;\n    margin: 55px 0px 0px 0px;\n  }\n}\n<\/style>\n\t<\/div>\n\n\t\n\n\n<style>\n#row-1289207558 > .col > .col-inner {\n  padding: 60px 0px 0px 0px;\n}\n<\/style>\n<\/div>\n<div class=\"row row-full-width align-right\"  id=\"row-2067926498\">\n\n\n\t<div id=\"col-1508043333\" class=\"col medium-8 small-12 large-8 col-divided\"  >\n\t\t\t\t<div class=\"col-inner\"  >\n\t\t\t\n\t\t\t\n\n\t<div id=\"text-1134201708\" class=\"text\">\n\t\t\n\n<h2 class=\"uppercase\" style=\"text-align: right;\"><span style=\"color: #ffffff;\">PRENSAGEM<\/span><\/h2>\n\t\t\n<style>\n#text-1134201708 {\n  font-size: 1.75rem;\n  line-height: 2;\n  text-align: right;\n  color: rgb(255,255,255);\n}\n#text-1134201708 > * {\n  color: rgb(255,255,255);\n}\n@media (min-width:550px) {\n  #text-1134201708 {\n    font-size: 2rem;\n  }\n}\n<\/style>\n\t<\/div>\n\t\n\n\t\t<\/div>\n\t\t\t\t\n<style>\n#col-1508043333 > .col-inner {\n  margin: -60px 0px 0px 0px;\n}\n@media (min-width:550px) {\n  #col-1508043333 > .col-inner {\n    margin: -20px 0px 0px 0px;\n  }\n}\n<\/style>\n\t<\/div>\n\n\t\n\n\t<div id=\"col-1697793312\" class=\"col medium-3 small-12 large-3\"  >\n\t\t\t\t<div class=\"col-inner text-right\"  >\n\t\t\t\n\t\t\t\n\n\t<div id=\"text-1047422225\" class=\"text\">\n\t\t\n\n<h2 class=\"uppercase\"><a href=\"https:\/\/atsi.es\/pt-pt\/schmidt-technology\/\"><span style=\"color: #c0c0c0;\"><img loading=\"lazy\" decoding=\"async\" class=\"wp-image-88  alignnone\" src=\"https:\/\/atsi.es\/wp-content\/uploads\/2023\/01\/schmidt_logo.png\" alt=\"\" width=\"146\" height=\"82\" \/><\/span><\/a><\/h2>\n\t\t\n<style>\n#text-1047422225 {\n  font-size: 3rem;\n  line-height: 1.4;\n  text-align: right;\n  color: rgb(255,255,255);\n}\n#text-1047422225 > * {\n  color: rgb(255,255,255);\n}\n@media (min-width:550px) {\n  #text-1047422225 {\n    font-size: 0.75rem;\n    text-align: left;\n  }\n}\n<\/style>\n\t<\/div>\n\t\n\n\t\t<\/div>\n\t\t\t\t\n<style>\n#col-1697793312 > .col-inner {\n  padding: 10px 0px 0px 0px;\n  margin: -60px 0px 0px 0px;\n}\n@media (min-width:550px) {\n  #col-1697793312 > .col-inner {\n    margin: -30px 0px 0px 0px;\n  }\n}\n<\/style>\n\t<\/div>\n\n\t\n\n<\/div>\n\n\t\t<\/div>\n\n\t\t\n<style>\n#section_404899395 {\n  padding-top: 30px;\n  padding-bottom: 30px;\n  min-height: 450px;\n  background-color: rgb(255,255,255);\n}\n#section_404899395 .section-bg-overlay {\n  background-color: rgba(0,0,0,.5);\n}\n@media (min-width:550px) {\n  #section_404899395 {\n    min-height: 650px;\n  }\n}\n@media (min-width:850px) {\n  #section_404899395 {\n    min-height: 100vh;\n  }\n}\n<\/style>\n\t<\/section>\n\t\n\n\t<section class=\"section dark is-full-height\" id=\"section_1126179972\">\n\t\t<div class=\"section-bg fill\" >\n\t\t\t\t\t\t\t<div class=\"video-overlay no-click fill visible\"><\/div>\n\t<video class=\"video-bg fill visible\" preload playsinline autoplay muted loop>\n\t\t<source src=\"https:\/\/atsi.es\/wp-content\/uploads\/2023\/02\/Video_Editor_Flim_Maker_20230214124053378.mp4\" type=\"video\/mp4\">\t<\/video>\n\t\t\t<div class=\"section-bg-overlay absolute fill\"><\/div>\n\t\t\t\n\n\t\t<\/div>\n\n\t\t\n\n\t\t<div class=\"section-content relative\">\n\t\t\t\n\n<div class=\"row row-full-width align-middle align-right\"  id=\"row-1865905814\">\n\n\n\t<div id=\"col-1688398473\" class=\"col medium-8 small-12 large-8 col-divided\"  >\n\t\t\t\t<div class=\"col-inner\"  >\n\t\t\t\n\t\t\t\n\n\t<div id=\"text-1707986810\" class=\"text\">\n\t\t\n\n<h2 class=\"uppercase\" style=\"text-align: right;\"><span style=\"color: #ffffff;\">APARAFUSAMENTO COM ALIMENTA\u00c7\u00c3O AUTOM\u00c1TICA<\/p>\n<p><\/span><\/h2>\n\t\t\n<style>\n#text-1707986810 {\n  font-size: 1.75rem;\n  line-height: 1.4;\n  text-align: center;\n  color: rgb(255,255,255);\n}\n#text-1707986810 > * {\n  color: rgb(255,255,255);\n}\n@media (min-width:550px) {\n  #text-1707986810 {\n    font-size: 2rem;\n  }\n}\n<\/style>\n\t<\/div>\n\t\n\n\t\t<\/div>\n\t\t\t\t\n<style>\n#col-1688398473 > .col-inner {\n  padding: 0px 0px -20px 0px;\n  margin: 40px 0px 0px 0px;\n}\n<\/style>\n\t<\/div>\n\n\t\n\n\t<div id=\"col-998191514\" class=\"col medium-3 small-12 large-3\"  >\n\t\t\t\t<div class=\"col-inner text-left\"  >\n\t\t\t\n\t\t\t\n\n\t<div id=\"text-1375065181\" class=\"text\">\n\t\t\n\n<p class=\"uppercase\"><a href=\"https:\/\/atsi.es\/pt-pt\/weber\/\"><span style=\"color: #ffffff;\"><img loading=\"lazy\" decoding=\"async\" src=\"https:\/\/atsi.es\/wp-content\/uploads\/2023\/01\/weber-schraubautomaten-1.png\" alt=\"\" width=\"150\" height=\"58\" \/><\/span><\/a><\/p>\n\t\t\n<style>\n#text-1375065181 {\n  font-size: 3rem;\n  line-height: 1.4;\n  text-align: right;\n  color: rgb(255,255,255);\n}\n#text-1375065181 > * {\n  color: rgb(255,255,255);\n}\n@media (min-width:550px) {\n  #text-1375065181 {\n    font-size: 0.75rem;\n    text-align: left;\n  }\n}\n<\/style>\n\t<\/div>\n\t\n\n\t\t<\/div>\n\t\t\t\t\n<style>\n#col-998191514 > .col-inner {\n  margin: -20px 0px 0px 0px;\n}\n@media (min-width:550px) {\n  #col-998191514 > .col-inner {\n    margin: 30px 0px 0px 0px;\n  }\n}\n<\/style>\n\t<\/div>\n\n\t\n\n<\/div>\n\n\t\t<\/div>\n\n\t\t\n<style>\n#section_1126179972 {\n  padding-top: 30px;\n  padding-bottom: 30px;\n  min-height: 450px;\n}\n#section_1126179972 .section-bg-overlay {\n  background-color: rgba(0,0,0,.5);\n}\n@media (min-width:550px) {\n  #section_1126179972 {\n    min-height: 650px;\n  }\n}\n@media (min-width:850px) {\n  #section_1126179972 {\n    min-height: 100vh;\n  }\n}\n<\/style>\n\t<\/section>\n\t\n\n\t<section class=\"section dark is-full-height\" id=\"section_1465540704\">\n\t\t<div class=\"section-bg fill\" >\n\t\t\t<img loading=\"lazy\" decoding=\"async\" width=\"1475\" height=\"497\" src=\"https:\/\/atsi.es\/wp-content\/uploads\/2023\/07\/slider-schmidt.jpg\" class=\"bg attachment-original size-original\" alt=\"\" \/>\t\t\t\t\t\t<div class=\"section-bg-overlay absolute fill\"><\/div>\n\t\t\t\n\n\t\t<\/div>\n\n\t\t\n\n\t\t<div class=\"section-content relative\">\n\t\t\t\n\n<div class=\"row row-full-width align-middle align-right\"  id=\"row-1376228129\">\n\n\n\t<div id=\"col-1839476849\" class=\"col medium-4 small-12 large-4 col-divided\"  >\n\t\t\t\t<div class=\"col-inner\"  >\n\t\t\t\n\t\t\t\n\n\t<div id=\"text-1029602505\" class=\"text\">\n\t\t\n\n<h2 class=\"uppercase\" style=\"text-align: right;\"><span style=\"color: #ffffff;\">SISTEMAS DE PRENSAGEM<\/span><\/h2>\n\t\t\n<style>\n#text-1029602505 {\n  font-size: 1.75rem;\n  line-height: 1.4;\n  text-align: center;\n  color: rgb(255,255,255);\n}\n#text-1029602505 > * {\n  color: rgb(255,255,255);\n}\n@media (min-width:550px) {\n  #text-1029602505 {\n    font-size: 2rem;\n  }\n}\n<\/style>\n\t<\/div>\n\t\n\n\t\t<\/div>\n\t\t\t\t\n<style>\n#col-1839476849 > .col-inner {\n  padding: 40px 0px 0px 0px;\n  margin: 0px 0px -20px 0px;\n}\n<\/style>\n\t<\/div>\n\n\t\n\n\t<div id=\"col-1772594470\" class=\"col medium-2 small-12 large-2\"  >\n\t\t\t\t<div class=\"col-inner text-left\"  >\n\t\t\t\n\t\t\t\n\n\t<div id=\"text-3958623877\" class=\"text\">\n\t\t\n\n<h2 class=\"uppercase\"><a href=\"https:\/\/atsi.es\/pt-pt\/schmidt-technology\/\" data-wplink-edit=\"true\"><span style=\"color: #c0c0c0;\"><img loading=\"lazy\" decoding=\"async\" class=\"wp-image-88  alignnone\" src=\"https:\/\/atsi.es\/wp-content\/uploads\/2023\/01\/schmidt_logo.png\" alt=\"\" width=\"156\" height=\"87\" \/><\/span><\/a><\/h2>\n\t\t\n<style>\n#text-3958623877 {\n  font-size: 3rem;\n  line-height: 1.4;\n  text-align: right;\n  color: rgb(255,255,255);\n}\n#text-3958623877 > * {\n  color: rgb(255,255,255);\n}\n@media (min-width:550px) {\n  #text-3958623877 {\n    font-size: 0.75rem;\n    text-align: left;\n  }\n}\n<\/style>\n\t<\/div>\n\t\n\n\t\t<\/div>\n\t\t\t\t\n<style>\n#col-1772594470 > .col-inner {\n  margin: -20px 0px 0px 0px;\n}\n@media (min-width:550px) {\n  #col-1772594470 > .col-inner {\n    margin: 40px 0px 0px 0px;\n  }\n}\n<\/style>\n\t<\/div>\n\n\t\n\n<\/div>\n\n\t\t<\/div>\n\n\t\t\n<style>\n#section_1465540704 {\n  padding-top: 30px;\n  padding-bottom: 30px;\n  min-height: 450px;\n}\n#section_1465540704 .section-bg-overlay {\n  background-color: rgba(0,0,0,.5);\n}\n#section_1465540704 .section-bg img {\n  object-position: 100%100%;\n}\n@media (min-width:550px) {\n  #section_1465540704 {\n    min-height: 650px;\n  }\n}\n@media (min-width:850px) {\n  #section_1465540704 {\n    min-height: 100vh;\n  }\n}\n<\/style>\n\t<\/section>\n\t\n\n     <\/div>\n\n     <div class=\"loading-spin dark large centered\"><\/div>\n\n\t<\/div>\n\n\n\n\t<section class=\"section dark\" id=\"section_1312771478\">\n\t\t<div class=\"section-bg fill\" >\n\t\t\t\t\t\t\t\t\t\n\t\t\t\n\n\t\t<\/div>\n\n\t\t\n\n\t\t<div class=\"section-content relative\">\n\t\t\t\n\n<div class=\"text-center\"><div class=\"is-divider divider clearfix\" style=\"max-width:100px;height:4px;background-color:rgb(213, 213, 213);\"><\/div><\/div>\n\n<div class=\"row align-center\" style=\"max-width:1300px\" id=\"row-562184125\">\n\n\n\t<div id=\"col-2083064767\" class=\"col medium-11 small-12 large-8\"  >\n\t\t\t\t<div class=\"col-inner\"  >\n\t\t\t\n\t\t\t\n\n\t<div id=\"text-4173191927\" class=\"text\">\n\t\t\n\n<h2 class=\"uppercase\">NOSSO CAMPO DE ATIVIDADE<\/h2>\n\t\t\n<style>\n#text-4173191927 {\n  font-size: 1.75rem;\n  text-align: center;\n  color: rgb(0,0,0);\n}\n#text-4173191927 > * {\n  color: rgb(0,0,0);\n}\n<\/style>\n\t<\/div>\n\t\n\n\t\t<\/div>\n\t\t\t\t\t<\/div>\n\n\t\n\n<\/div>\n<div class=\"row row-large align-equal align-center\" style=\"max-width:1300px\" id=\"row-891545364\">\n\n\n\t<div id=\"col-1490122370\" class=\"col medium-6 small-12 large-6\"  >\n\t\t\t\t<div class=\"col-inner text-center dark\"  >\n\t\t\t\n\t\t\t\n\n\n\t<section class=\"section dark\" id=\"section_1186171883\">\n\t\t<div class=\"section-bg fill\" >\n\t\t\t<img loading=\"lazy\" decoding=\"async\" width=\"1181\" height=\"787\" src=\"https:\/\/atsi.es\/wp-content\/uploads\/2023\/01\/atornillador-weber.jpg\" class=\"bg attachment- size-\" alt=\"\" \/>\t\t\t\t\t\t<div class=\"section-bg-overlay absolute fill\"><\/div>\n\t\t\t\n\n\t\t<\/div>\n\n\t\t\n\n\t\t<div class=\"section-content relative\">\n\t\t\t\n\n\t<div id=\"text-1988838157\" class=\"text\">\n\t\t\n\n<h3><a href=\"https:\/\/atsi.es\/pt-pt\/weber\/\"><img loading=\"lazy\" decoding=\"async\" class=\"wp-image-89 aligncenter\" src=\"https:\/\/atsi.es\/wp-content\/uploads\/2023\/01\/weber-schraubautomaten-2.png\" alt=\"\" width=\"171\" height=\"76\" \/><\/a><a href=\"https:\/\/atsi.es\/pt-pt\/weber\/\">Aparafusamento com alimenta\u00e7\u00e3o autom\u00e1tica<\/a><\/h3>\n\t\t\n<style>\n#text-1988838157 {\n  font-size: 2rem;\n  line-height: 1;\n}\n<\/style>\n\t<\/div>\n\t\n\n\t\t<\/div>\n\n\t\t\n<style>\n#section_1186171883 {\n  padding-top: 0px;\n  padding-bottom: 0px;\n  min-height: 300px;\n}\n#section_1186171883 .section-bg-overlay {\n  background-color: rgba(0, 0, 0, 0.5);\n}\n#section_1186171883 .section-bg img {\n  object-position: 62% 50%;\n}\n@media (min-width:550px) {\n  #section_1186171883 {\n    min-height: 400px;\n  }\n}\n@media (min-width:850px) {\n  #section_1186171883 {\n    min-height: 500px;\n  }\n}\n<\/style>\n\t<\/section>\n\t\n\t<div id=\"gap-1730453977\" class=\"gap-element clearfix\" style=\"display:block; height:auto;\">\n\t\t\n<style>\n#gap-1730453977 {\n  padding-top: 20px;\n}\n<\/style>\n\t<\/div>\n\t\n\n\n\t\t<\/div>\n\t\t\t\t\t<\/div>\n\n\t\n\n\t<div id=\"col-1685724437\" class=\"col medium-6 small-12 large-6\"  >\n\t\t\t\t<div class=\"col-inner text-center dark\"  >\n\t\t\t\n\t\t\t\n\n\n\t<section class=\"section dark\" id=\"section_1572723102\">\n\t\t<div class=\"section-bg fill\" >\n\t\t\t<img loading=\"lazy\" decoding=\"async\" width=\"1475\" height=\"497\" src=\"https:\/\/atsi.es\/wp-content\/uploads\/2023\/07\/slider-schmidt.jpg\" class=\"bg attachment-original size-original\" alt=\"\" \/>\t\t\t\t\t\t<div class=\"section-bg-overlay absolute fill\"><\/div>\n\t\t\t\n\n\t\t<\/div>\n\n\t\t\n\n\t\t<div class=\"section-content relative\">\n\t\t\t\n\n\t<div id=\"text-3635207439\" class=\"text\">\n\t\t\n\n<h3><a href=\"https:\/\/atsi.es\/pt-pt\/schmidt-technology\/\"><img loading=\"lazy\" decoding=\"async\" class=\"wp-image-88  aligncenter\" src=\"https:\/\/atsi.es\/wp-content\/uploads\/2023\/01\/schmidt_logo.png\" alt=\"\" width=\"192\" height=\"76\" \/><\/a><a href=\"https:\/\/atsi.es\/pt-pt\/schmidt-technology\/\">Sistemas de <\/a><br \/><a href=\"https:\/\/atsi.es\/pt-pt\/schmidt-technology\/\">prensagem<\/a><\/h3>\n\t\t\n<style>\n#text-3635207439 {\n  font-size: 2rem;\n  line-height: 1;\n}\n<\/style>\n\t<\/div>\n\t\n\n\t\t<\/div>\n\n\t\t\n<style>\n#section_1572723102 {\n  padding-top: 0px;\n  padding-bottom: 0px;\n  min-height: 300px;\n}\n#section_1572723102 .section-bg-overlay {\n  background-color: rgba(0, 0, 0, 0.5);\n}\n#section_1572723102 .section-bg img {\n  object-position: 92% 50%;\n}\n@media (min-width:550px) {\n  #section_1572723102 {\n    min-height: 400px;\n  }\n}\n@media (min-width:850px) {\n  #section_1572723102 {\n    min-height: 500px;\n  }\n}\n<\/style>\n\t<\/section>\n\t\n\t<div id=\"gap-1034901695\" class=\"gap-element clearfix\" style=\"display:block; height:auto;\">\n\t\t\n<style>\n#gap-1034901695 {\n  padding-top: 20px;\n}\n<\/style>\n\t<\/div>\n\t\n\n\n\t\t<\/div>\n\t\t\t\t\t<\/div>\n\n\t\n\n<\/div>\n\n\t\t<\/div>\n\n\t\t\n<style>\n#section_1312771478 {\n  padding-top: 70px;\n  padding-bottom: 70px;\n  background-color: rgb(255,255,255);\n}\n@media (min-width:850px) {\n  #section_1312771478 {\n    padding-top: 60px;\n    padding-bottom: 60px;\n  }\n}\n<\/style>\n\t<\/section>\n\t\n\n\t<section class=\"section dark\" id=\"section_1340289083\">\n\t\t<div class=\"section-bg fill\" >\n\t\t\t\t\t\t\t\t\t\n\t\t\t\n\n\t\t<\/div>\n\n\t\t\n\n\t\t<div class=\"section-content relative\">\n\t\t\t\n\n<div class=\"text-center\"><div class=\"is-divider divider clearfix\" style=\"max-width:100px;height:4px;background-color:rgb(213, 213, 213);\"><\/div><\/div>\n\n<div class=\"row align-center\" style=\"max-width:1300px\" id=\"row-2072337028\">\n\n\n\t<div id=\"col-610563786\" class=\"col medium-11 small-12 large-8\"  >\n\t\t\t\t<div class=\"col-inner\"  >\n\t\t\t\n\t\t\t\n\n\t<div id=\"text-2825955338\" class=\"text\">\n\t\t\n\n<h2 class=\"uppercase\">O que mais importa para n\u00f3sa<\/h2>\n\t\t\n<style>\n#text-2825955338 {\n  font-size: 1.75rem;\n  text-align: center;\n  color: rgb(0,0,0);\n}\n#text-2825955338 > * {\n  color: rgb(0,0,0);\n}\n<\/style>\n\t<\/div>\n\t\n\n\t\t<\/div>\n\t\t\t\t\t<\/div>\n\n\t\n\n<\/div>\n<div class=\"row row-large align-equal align-center\" style=\"max-width:1300px\" id=\"row-1850107514\">\n\n\n\t<div id=\"col-982904276\" class=\"col medium-6 small-12 large-3\"  >\n\t\t\t\t<div class=\"col-inner text-center\"  >\n\t\t\t\n\t\t\t\n\n\n\t\t<div class=\"icon-box featured-box icon-box-top text-left\"  >\n\t\t\t\t\t<div class=\"icon-box-img\" style=\"width: 100px\">\n\t\t\t\t<div class=\"icon\">\n\t\t\t\t\t<div class=\"icon-inner\" >\n\t\t\t\t\t\t<img loading=\"lazy\" decoding=\"async\" width=\"116\" height=\"116\" src=\"https:\/\/atsi.es\/wp-content\/uploads\/2023\/01\/profesionalidad.png\" class=\"attachment-medium size-medium\" alt=\"\" \/>\t\t\t\t\t<\/div>\n\t\t\t\t<\/div>\n\t\t\t<\/div>\n\t\t\t\t<div class=\"icon-box-text last-reset\">\n\t\t\t\t\t\t\t\t\t\n\n\t<div id=\"text-3920562460\" class=\"text\">\n\t\t\n\n<h3>Profissionalismo<\/h3>\n\t\t\n<style>\n#text-3920562460 {\n  font-size: 1.35rem;\n  text-align: center;\n  color: rgb(0, 0, 0);\n}\n#text-3920562460 > * {\n  color: rgb(0, 0, 0);\n}\n<\/style>\n\t<\/div>\n\t\n\t<div id=\"text-1680170620\" class=\"text\">\n\t\t\n\n<p>O profissionalismo \u00e9 adquirido com a prepara\u00e7\u00e3o e experi\u00eancia. Na ATSI estamos plenamente consciencializados da sua import\u00e2ncia.<\/p>\n\t\t\n<style>\n#text-1680170620 {\n  font-size: 0.9rem;\n  text-align: center;\n  color: #515151;\n}\n#text-1680170620 > * {\n  color: #515151;\n}\n<\/style>\n\t<\/div>\n\t\n\n\t\t<\/div>\n\t<\/div>\n\t\n\t\n\n\t\t<\/div>\n\t\t\t\t\t<\/div>\n\n\t\n\n\t<div id=\"col-712280072\" class=\"col medium-6 small-12 large-3\"  >\n\t\t\t\t<div class=\"col-inner text-center\"  >\n\t\t\t\n\t\t\t\n\n\n\t\t<div class=\"icon-box featured-box icon-box-top text-left\"  >\n\t\t\t\t\t<div class=\"icon-box-img\" style=\"width: 100px\">\n\t\t\t\t<div class=\"icon\">\n\t\t\t\t\t<div class=\"icon-inner\" >\n\t\t\t\t\t\t<img loading=\"lazy\" decoding=\"async\" width=\"116\" height=\"116\" src=\"https:\/\/atsi.es\/wp-content\/uploads\/2023\/01\/servicio.png\" class=\"attachment-medium size-medium\" alt=\"\" \/>\t\t\t\t\t<\/div>\n\t\t\t\t<\/div>\n\t\t\t<\/div>\n\t\t\t\t<div class=\"icon-box-text last-reset\">\n\t\t\t\t\t\t\t\t\t\n\n\t<div id=\"text-1425706091\" class=\"text\">\n\t\t\n\n<h3>Servi\u00e7o<\/h3>\n\t\t\n<style>\n#text-1425706091 {\n  font-size: 1.35rem;\n  text-align: center;\n  color: rgb(0,0,0);\n}\n#text-1425706091 > * {\n  color: rgb(0,0,0);\n}\n<\/style>\n\t<\/div>\n\t\n\t<div id=\"text-2709109761\" class=\"text\">\n\t\t\n\n<p>Para a ATSI, o servi\u00e7o n\u00e3o \u00e9 s\u00f3 um valor acrescentado aos nossos produtos. O servi\u00e7o \u00e9 uma atitude e \u00e9 uma das diferen\u00e7as mais importantes face \u00e1 nossa concorr\u00eancia.<\/p>\n\t\t\n<style>\n#text-2709109761 {\n  font-size: 0.9rem;\n  text-align: center;\n  color: #515151;\n}\n#text-2709109761 > * {\n  color: #515151;\n}\n<\/style>\n\t<\/div>\n\t\n\n\t\t<\/div>\n\t<\/div>\n\t\n\t\n\n\t\t<\/div>\n\t\t\t\t\t<\/div>\n\n\t\n\n\t<div id=\"col-562063434\" class=\"col medium-6 small-12 large-3\"  >\n\t\t\t\t<div class=\"col-inner text-center\"  >\n\t\t\t\n\t\t\t\n\n\n\t\t<div class=\"icon-box featured-box icon-box-top text-left\"  >\n\t\t\t\t\t<div class=\"icon-box-img\" style=\"width: 100px\">\n\t\t\t\t<div class=\"icon\">\n\t\t\t\t\t<div class=\"icon-inner\" >\n\t\t\t\t\t\t<img loading=\"lazy\" decoding=\"async\" width=\"116\" height=\"116\" src=\"https:\/\/atsi.es\/wp-content\/uploads\/2023\/01\/tecnologia.png\" class=\"attachment-medium size-medium\" alt=\"\" \/>\t\t\t\t\t<\/div>\n\t\t\t\t<\/div>\n\t\t\t<\/div>\n\t\t\t\t<div class=\"icon-box-text last-reset\">\n\t\t\t\t\t\t\t\t\t\n\n\t<div id=\"text-206825157\" class=\"text\">\n\t\t\n\n<h3>Tecnologia<\/h3>\n\t\t\n<style>\n#text-206825157 {\n  font-size: 1.35rem;\n  text-align: center;\n  color: rgb(0,0,0);\n}\n#text-206825157 > * {\n  color: rgb(0,0,0);\n}\n<\/style>\n\t<\/div>\n\t\n\t<div id=\"text-2621605888\" class=\"text\">\n\t\t\n\n<p>A Tecnologia \u00e9 a nossa raz\u00e3o de ser. O nosso trabalho \u00e9 proporcionar produtos de alta tecnologia aos nossos Clientes.<\/p>\n\t\t\n<style>\n#text-2621605888 {\n  font-size: 0.9rem;\n  text-align: center;\n  color: #515151;\n}\n#text-2621605888 > * {\n  color: #515151;\n}\n<\/style>\n\t<\/div>\n\t\n\n\t\t<\/div>\n\t<\/div>\n\t\n\t\n\n\t\t<\/div>\n\t\t\t\t\t<\/div>\n\n\t\n\n<\/div>\n\t<div id=\"gap-920981248\" class=\"gap-element clearfix\" style=\"display:block; height:auto;\">\n\t\t\n<style>\n#gap-920981248 {\n  padding-top: 20px;\n}\n<\/style>\n\t<\/div>\n\t\n\n\n\t\t<\/div>\n\n\t\t\n<style>\n#section_1340289083 {\n  padding-top: 70px;\n  padding-bottom: 70px;\n  background-color: rgb(255,255,255);\n}\n@media (min-width:850px) {\n  #section_1340289083 {\n    padding-top: 20px;\n    padding-bottom: 20px;\n  }\n}\n<\/style>\n\t<\/section>\n\t\n\t<div id=\"gap-1038569830\" class=\"gap-element clearfix\" style=\"display:block; height:auto;\">\n\t\t\n<style>\n#gap-1038569830 {\n  padding-top: 40px;\n}\n<\/style>\n\t<\/div>\n\t\n\n\n\t<section class=\"section dark\" id=\"section_1762234979\">\n\t\t<div class=\"section-bg fill\" >\n\t\t\t\t\t\t\t\t\t\n\t\t\t\n\n\t\t<\/div>\n\n\t\t\n\n\t\t<div class=\"section-content relative\">\n\t\t\t\r\n\r\n<div class=\"row\"  id=\"row-1824858640\">\r\n\r\n\n\t<div id=\"col-1056382874\" class=\"col small-12 large-12\"  >\n\t\t\t\t<div class=\"col-inner text-center\"  >\n\t\t\t\n\t\t\t\r\n\r\n\t<div id=\"gap-1742838428\" class=\"gap-element clearfix\" style=\"display:block; height:auto;\">\n\t\t\n<style>\n#gap-1742838428 {\n  padding-top: 35px;\n}\n<\/style>\n\t<\/div>\n\t\r\n\r\n<div class=\"text-center\"><div class=\"is-divider divider clearfix\" style=\"max-width:100px;height:4px;background-color:rgb(255, 255, 255);\"><\/div><\/div>\r\n\r\n\t<div id=\"text-2712560060\" class=\"text\">\n\t\t\r\n<h2 class=\"uppercase\">Envie-nos sua consulta<\/h2>\r\n\t\t\n<style>\n#text-2712560060 {\n  font-size: 1.5rem;\n  text-align: center;\n}\n<\/style>\n\t<\/div>\n\t\r\n<a href=\"\/pt-pt\/contato\/\" class=\"button white\" style=\"padding:5px 30px 5px 30px;\">\n\t\t<span>CONTATE-NOS<\/span>\n\t<\/a>\n\r\n\r\n\t\t<\/div>\n\t\t\t\t\t<\/div>\n\n\t\r\n\r\n<\/div>\r\n\r\n\t\t<\/div>\n\n\t\t\n<style>\n#section_1762234979 {\n  padding-top: 30px;\n  padding-bottom: 30px;\n  background-color: rgb(0,0,0);\n}\n<\/style>\n\t<\/section>\n\t\n\n\n","protected":false},"excerpt":{"rendered":"","protected":false},"author":1,"featured_media":0,"parent":0,"menu_order":0,"comment_status":"closed","ping_status":"closed","template":"page-blank.php","meta":{"footnotes":""},"class_list":["post-686","page","type-page","status-publish","hentry"],"_links":{"self":[{"href":"https:\/\/atsi.es\/pt-pt\/wp-json\/wp\/v2\/pages\/686","targetHints":{"allow":["GET"]}}],"collection":[{"href":"https:\/\/atsi.es\/pt-pt\/wp-json\/wp\/v2\/pages"}],"about":[{"href":"https:\/\/atsi.es\/pt-pt\/wp-json\/wp\/v2\/types\/page"}],"author":[{"embeddable":true,"href":"https:\/\/atsi.es\/pt-pt\/wp-json\/wp\/v2\/users\/1"}],"replies":[{"embeddable":true,"href":"https:\/\/atsi.es\/pt-pt\/wp-json\/wp\/v2\/comments?post=686"}],"version-history":[{"count":23,"href":"https:\/\/atsi.es\/pt-pt\/wp-json\/wp\/v2\/pages\/686\/revisions"}],"predecessor-version":[{"id":887,"href":"https:\/\/atsi.es\/pt-pt\/wp-json\/wp\/v2\/pages\/686\/revisions\/887"}],"wp:attachment":[{"href":"https:\/\/atsi.es\/pt-pt\/wp-json\/wp\/v2\/media?parent=686"}],"curies":[{"name":"wp","href":"https:\/\/api.w.org\/{rel}","templated":true}]}}